{"id":8477,"date":"2026-03-10T04:33:25","date_gmt":"2026-03-10T04:33:25","guid":{"rendered":"https:\/\/kifinternacional.cl\/index.php\/producto\/luz-seguridad-bici-kups\/"},"modified":"2026-03-10T04:33:49","modified_gmt":"2026-03-10T04:33:49","slug":"luz-seguridad-bici-kups","status":"publish","type":"product","link":"https:\/\/kifinternacional.cl\/index.php\/producto\/luz-seguridad-bici-kups\/","title":{"rendered":"Luz Seguridad Bici Kups"},"content":{"rendered":"<table cellspacing='0' cellpadding='0' style='border:none' width=500px>\n<tr>\n<th style='text-align:left; background-color:#696969; border: 1px solid #696969; color:#fff;' colspan='2'>CARACTER\u00cdSTICAS<\/th>\n<\/tr>\n<tr>\n<td style='text-align:left; border: 1px solid #696969;'>Especificaciones art\u00edculo<\/td>\n<td style='text-align:left; border: 1px solid #696969;'>9 cm \/ 13 cm \/ 5.5 cm | 140 gr<\/td>\n<\/tr>\n<tr>\n<td style='text-align:left; border: 1px solid #696969;'>Packaging: alto (cm)<\/td>\n<td style='text-align:left; border: 1px solid #696969;'>33<\/td>\n<\/tr>\n<tr>\n<td style='text-align:left; border: 1px solid #696969;'>Packaging: largo (cm) <\/td>\n<td style='text-align:left; border: 1px solid #696969;'>31<\/td>\n<\/tr>\n<tr>\n<td style='text-align:left; border: 1px solid #696969;'>Packaging: ancho (cm) <\/td>\n<td style='text-align:left; border: 1px solid #696969;'>43<\/td>\n<\/tr>\n<tr>\n<td style='text-align:left; border: 1px solid #696969;'>Peso caja (Kgr)<\/td>\n<td style='text-align:left; border: 1px solid #696969;'>5.5<\/td>\n<\/tr>\n<tr>\n<td style='text-align:left; border: 1px solid #696969;'>Unidades\/caja<\/td>\n<td style='text-align:left; border: 1px solid #696969;'>50<\/td>\n<\/tr>\n<tr>\n<td style='text-align:left; border: 1px solid #696969;'>Incluye bater\u00edas<\/td>\n<td style='text-align:left; border: 1px solid #696969;'>Si<\/td>\n<\/tr>\n<tr>\n<td style='text-align:left; border: 1px solid #696969;'>Cat\u00e1logo<\/td>\n<td style='text-align:left; border: 1px solid #696969;'>Stock internacional<\/td>\n<\/tr>\n<\/table>\n<p>&nbsp;<\/p>\n<table cellspacing='0' cellpadding='0' style='border:none' width=500px>\n<tr>\n<th style='text-align:center; background-color:#696969; border: 1px solid #696969; color:#fff;'>MARCAJE<\/th>\n<\/tr>\n<tr>\n<td><a href='https:\/\/imgresources.makito.es\/media\/img_web\/20000\/20437\/areas\/20437-A1.jpg'>TAMPOGRAF\u00cdA E: AREA 1.max: 2.5&#215;1 cm<\/a><\/td>\n<\/tr>\n<\/table>\n","protected":false},"excerpt":{"rendered":"<p>Luz de seguridad para bicicletas con carga solar. Ofrece tres modos de iluminaci\u00f3n: uno fijo con intensidad media o alta, e intermitente. Recargable gracias a su bater\u00eda de 500 mAh de capacidad, con cable de carga incluido. Con accesorio de acople v\u00e1lido para cualquier bicicleta y presentada en caja de dise\u00f1o kraft. 1 Led. Carga Solar. 3 Posiciones de Luz, Fija e Intermitente. Bater\u00eda 1200 mAh<\/p>\n","protected":false},"featured_media":8478,"comment_status":"closed","ping_status":"open","template":"","meta":[],"product_brand":[],"product_cat":[37,35],"product_tag":[],"class_list":{"0":"post-8477","1":"product","2":"type-product","3":"status-publish","4":"has-post-thumbnail","6":"product_cat-dia-del-padre","7":"product_cat-ocio","9":"first","10":"instock","11":"product-type-simple"},"_links":{"self":[{"href":"https:\/\/kifinternacional.cl\/index.php\/wp-json\/wp\/v2\/product\/8477","targetHints":{"allow":["GET"]}}],"collection":[{"href":"https:\/\/kifinternacional.cl\/index.php\/wp-json\/wp\/v2\/product"}],"about":[{"href":"https:\/\/kifinternacional.cl\/index.php\/wp-json\/wp\/v2\/types\/product"}],"replies":[{"embeddable":true,"href":"https:\/\/kifinternacional.cl\/index.php\/wp-json\/wp\/v2\/comments?post=8477"}],"wp:featuredmedia":[{"embeddable":true,"href":"https:\/\/kifinternacional.cl\/index.php\/wp-json\/wp\/v2\/media\/8478"}],"wp:attachment":[{"href":"https:\/\/kifinternacional.cl\/index.php\/wp-json\/wp\/v2\/media?parent=8477"}],"wp:term":[{"taxonomy":"product_brand","embeddable":true,"href":"https:\/\/kifinternacional.cl\/index.php\/wp-json\/wp\/v2\/product_brand?post=8477"},{"taxonomy":"product_cat","embeddable":true,"href":"https:\/\/kifinternacional.cl\/index.php\/wp-json\/wp\/v2\/product_cat?post=8477"},{"taxonomy":"product_tag","embeddable":true,"href":"https:\/\/kifinternacional.cl\/index.php\/wp-json\/wp\/v2\/product_tag?post=8477"}],"curies":[{"name":"wp","href":"https:\/\/api.w.org\/{rel}","templated":true}]}}