{"id":833,"date":"2026-03-10T02:08:37","date_gmt":"2026-03-10T02:08:37","guid":{"rendered":"https:\/\/kifinternacional.cl\/index.php\/producto\/bolsa-rumel-42-cm-x-38-cm\/"},"modified":"2026-03-10T02:09:22","modified_gmt":"2026-03-10T02:09:22","slug":"bolsa-rumel-42-cm-x-38-cm","status":"publish","type":"product","link":"https:\/\/kifinternacional.cl\/index.php\/producto\/bolsa-rumel-42-cm-x-38-cm\/","title":{"rendered":"Bolsa Rumel 42 cm x 38 cm"},"content":{"rendered":"<table cellspacing='0' cellpadding='0' style='border:none' width=500px>\n<tr>\n<th style='text-align:left; background-color:#696969; border: 1px solid #696969; color:#fff;' colspan='2'>CARACTER\u00cdSTICAS<\/th>\n<\/tr>\n<tr>\n<td style='text-align:left; border: 1px solid #696969;'>Composici\u00f3n<\/td>\n<td style='text-align:left; border: 1px solid #696969;'>100% Algod\u00f3n Org\u00e1nico 140 g\/ m2<\/td>\n<\/tr>\n<tr>\n<td style='text-align:left; border: 1px solid #696969;'>Especificaciones art\u00edculo<\/td>\n<td style='text-align:left; border: 1px solid #696969;'>42 cm \/ 38 cm \/ 0 cm | 60 gr<\/td>\n<\/tr>\n<tr>\n<td style='text-align:left; border: 1px solid #696969;'>Packaging: alto (cm)<\/td>\n<td style='text-align:left; border: 1px solid #696969;'>46<\/td>\n<\/tr>\n<tr>\n<td style='text-align:left; border: 1px solid #696969;'>Packaging: largo (cm) <\/td>\n<td style='text-align:left; border: 1px solid #696969;'>42<\/td>\n<\/tr>\n<tr>\n<td style='text-align:left; border: 1px solid #696969;'>Packaging: ancho (cm) <\/td>\n<td style='text-align:left; border: 1px solid #696969;'>56<\/td>\n<\/tr>\n<tr>\n<td style='text-align:left; border: 1px solid #696969;'>Peso caja (Kgr)<\/td>\n<td style='text-align:left; border: 1px solid #696969;'>13.5<\/td>\n<\/tr>\n<tr>\n<td style='text-align:left; border: 1px solid #696969;'>Unidades\/caja<\/td>\n<td style='text-align:left; border: 1px solid #696969;'>200<\/td>\n<\/tr>\n<tr>\n<td style='text-align:left; border: 1px solid #696969;'>Cat\u00e1logo<\/td>\n<td style='text-align:left; border: 1px solid #696969;'>Stock internacional<\/td>\n<\/tr>\n<\/table>\n<p>&nbsp;<\/p>\n<table cellspacing='0' cellpadding='0' style='border:none' width=500px>\n<tr>\n<th style='text-align:center; background-color:#696969; border: 1px solid #696969; color:#fff;'>MARCAJE<\/th>\n<\/tr>\n<tr>\n<td><a href='https:\/\/imgresources.makito.es\/media\/img_web\/1000\/1173\/areas\/1173-A1.jpg'>SERIGRAFIA AUTOMATICA F: CENTRADO CARA A.max: 26.5&#215;24 cm<\/a><\/td>\n<\/tr>\n<tr>\n<td><a href='https:\/\/imgresources.makito.es\/media\/img_web\/1000\/1173\/areas\/1173-A2.jpg'>SERIGRAFIA AUTOMATICA F: CENTRADO CARA B.max: 26.5&#215;24 cm<\/a><\/td>\n<\/tr>\n<tr>\n<td><a href='https:\/\/imgresources.makito.es\/media\/img_web\/1000\/1173\/areas\/1173-A1.jpg'>GRABACI\u00d3N TRANSFER SERIGR\u00c1FICO: CENTRADO CARA A.max: 26.5&#215;24 cm<\/a><\/td>\n<\/tr>\n<tr>\n<td><a href='https:\/\/imgresources.makito.es\/media\/img_web\/1000\/1173\/areas\/1173-A2.jpg'>GRABACI\u00d3N TRANSFER SERIGR\u00c1FICO: CENTRADO CARA B.max: 26.5&#215;24 cm<\/a><\/td>\n<\/tr>\n<tr>\n<td><a href='https:\/\/imgresources.makito.es\/media\/img_web\/1000\/1173\/areas\/1173-A1.jpg'>GRABACI\u00d3N TRANSFER DIGITAL: CENTRADO CARA A.max: 26.5&#215;24 cm<\/a><\/td>\n<\/tr>\n<tr>\n<td><a href='https:\/\/imgresources.makito.es\/media\/img_web\/1000\/1173\/areas\/1173-A2.jpg'>GRABACI\u00d3N TRANSFER DIGITAL: CENTRADO CARA B.max: 26.5&#215;24 cm<\/a><\/td>\n<\/tr>\n<tr>\n<td><a href='https:\/\/imgresources.makito.es\/media\/img_web\/1000\/1173\/areas\/1173-A3.jpg'>GRABACI\u00d3N BORDADO P: CENTRADO CARA A.max: 14&#215;14 cm<\/a><\/td>\n<\/tr>\n<tr>\n<td><a href='https:\/\/imgresources.makito.es\/media\/img_web\/1000\/1173\/areas\/1173-A4.jpg'>GRABACI\u00d3N BORDADO P: CENTRADO CARA B.max: 14&#215;14 cm<\/a><\/td>\n<\/tr>\n<\/table>\n","protected":false},"excerpt":{"rendered":"<p>Bolsa fabricada en material100% algod\u00f3n org\u00e1nico de 140g\/m2 y en tono natural. Con certificaci\u00f3n GOTS (Global Organic Textile Standard, \u00f3 Norma Mundial de Textiles Org\u00e1nicos) que garantiza que los tejidos est\u00e1n hechos de fibras org\u00e1nicas. De acabado cosido, con asas medianas reforzadas de 70 cm. Resistencia hasta 8kg, incluida etiqueta con distintivo de algod\u00f3n org\u00e1nico y hangtag en cart\u00f3n reciclado.<\/p>\n","protected":false},"featured_media":834,"comment_status":"closed","ping_status":"open","template":"","meta":[],"product_brand":[],"product_cat":[41,26],"product_tag":[],"class_list":{"0":"post-833","1":"product","2":"type-product","3":"status-publish","4":"has-post-thumbnail","6":"product_cat-bolsas","7":"product_cat-linea-ecologica","9":"first","10":"instock","11":"product-type-simple"},"_links":{"self":[{"href":"https:\/\/kifinternacional.cl\/index.php\/wp-json\/wp\/v2\/product\/833","targetHints":{"allow":["GET"]}}],"collection":[{"href":"https:\/\/kifinternacional.cl\/index.php\/wp-json\/wp\/v2\/product"}],"about":[{"href":"https:\/\/kifinternacional.cl\/index.php\/wp-json\/wp\/v2\/types\/product"}],"replies":[{"embeddable":true,"href":"https:\/\/kifinternacional.cl\/index.php\/wp-json\/wp\/v2\/comments?post=833"}],"wp:featuredmedia":[{"embeddable":true,"href":"https:\/\/kifinternacional.cl\/index.php\/wp-json\/wp\/v2\/media\/834"}],"wp:attachment":[{"href":"https:\/\/kifinternacional.cl\/index.php\/wp-json\/wp\/v2\/media?parent=833"}],"wp:term":[{"taxonomy":"product_brand","embeddable":true,"href":"https:\/\/kifinternacional.cl\/index.php\/wp-json\/wp\/v2\/product_brand?post=833"},{"taxonomy":"product_cat","embeddable":true,"href":"https:\/\/kifinternacional.cl\/index.php\/wp-json\/wp\/v2\/product_cat?post=833"},{"taxonomy":"product_tag","embeddable":true,"href":"https:\/\/kifinternacional.cl\/index.php\/wp-json\/wp\/v2\/product_tag?post=833"}],"curies":[{"name":"wp","href":"https:\/\/api.w.org\/{rel}","templated":true}]}}