{"id":8287,"date":"2026-03-10T04:30:04","date_gmt":"2026-03-10T04:30:04","guid":{"rendered":"https:\/\/kifinternacional.cl\/index.php\/producto\/juego-thumper\/"},"modified":"2026-03-10T04:30:04","modified_gmt":"2026-03-10T04:30:04","slug":"juego-thumper","status":"publish","type":"product","link":"https:\/\/kifinternacional.cl\/index.php\/producto\/juego-thumper\/","title":{"rendered":"Juego Thumper"},"content":{"rendered":"<table cellspacing='0' cellpadding='0' style='border:none' width=500px>\n<tr>\n<th style='text-align:left; background-color:#696969; border: 1px solid #696969; color:#fff;' colspan='2'>CARACTER\u00cdSTICAS<\/th>\n<\/tr>\n<tr>\n<td style='text-align:left; border: 1px solid #696969;'>Composici\u00f3n<\/td>\n<td style='text-align:left; border: 1px solid #696969;'>Madera<\/td>\n<\/tr>\n<tr>\n<td style='text-align:left; border: 1px solid #696969;'>Especificaciones art\u00edculo<\/td>\n<td style='text-align:left; border: 1px solid #696969;'>12 cm \/ 12 cm \/ 1.5 cm | 92 gr<\/td>\n<\/tr>\n<tr>\n<td style='text-align:left; border: 1px solid #696969;'>Packaging: alto (cm)<\/td>\n<td style='text-align:left; border: 1px solid #696969;'>32<\/td>\n<\/tr>\n<tr>\n<td style='text-align:left; border: 1px solid #696969;'>Packaging: largo (cm) <\/td>\n<td style='text-align:left; border: 1px solid #696969;'>62<\/td>\n<\/tr>\n<tr>\n<td style='text-align:left; border: 1px solid #696969;'>Packaging: ancho (cm) <\/td>\n<td style='text-align:left; border: 1px solid #696969;'>26<\/td>\n<\/tr>\n<tr>\n<td style='text-align:left; border: 1px solid #696969;'>Peso caja (Kgr)<\/td>\n<td style='text-align:left; border: 1px solid #696969;'>12<\/td>\n<\/tr>\n<tr>\n<td style='text-align:left; border: 1px solid #696969;'>Unidades\/caja<\/td>\n<td style='text-align:left; border: 1px solid #696969;'>100<\/td>\n<\/tr>\n<tr>\n<td style='text-align:left; border: 1px solid #696969;'>Cat\u00e1logo<\/td>\n<td style='text-align:left; border: 1px solid #696969;'>Stock internacional<\/td>\n<\/tr>\n<\/table>\n<p>&nbsp;<\/p>\n<table cellspacing='0' cellpadding='0' style='border:none' width=500px>\n<tr>\n<th style='text-align:center; background-color:#696969; border: 1px solid #696969; color:#fff;'>MARCAJE<\/th>\n<\/tr>\n<tr>\n<td><a href='https:\/\/imgresources.makito.es\/media\/img_web\/20000\/20403\/areas\/20403-A1.jpg'>SERIGRAF\u00cdA F: AREA 1.max: 3.5&#215;4 cm<\/a><\/td>\n<\/tr>\n<tr>\n<td><a href='https:\/\/imgresources.makito.es\/media\/img_web\/20000\/20403\/areas\/20403-A2.jpg'>SERIGRAF\u00cdA F: AREA 2.max: 3.5&#215;4 cm<\/a><\/td>\n<\/tr>\n<tr>\n<td><a href='https:\/\/imgresources.makito.es\/media\/img_web\/20000\/20403\/areas\/20403-A1.jpg'>GRABACI\u00d3N TRANSFER SERIGR\u00c1FICO: AREA 1.max: 3.5&#215;4 cm<\/a><\/td>\n<\/tr>\n<tr>\n<td><a href='https:\/\/imgresources.makito.es\/media\/img_web\/20000\/20403\/areas\/20403-A2.jpg'>GRABACI\u00d3N TRANSFER SERIGR\u00c1FICO: AREA 2.max: 3.5&#215;4 cm<\/a><\/td>\n<\/tr>\n<tr>\n<td><a href='https:\/\/imgresources.makito.es\/media\/img_web\/20000\/20403\/areas\/20403-A3.jpg'>GRABACI\u00d3N LASER 1: AREA 3.max: 3.5&#215;1.2 cm<\/a><\/td>\n<\/tr>\n<tr>\n<td><a href='https:\/\/imgresources.makito.es\/media\/img_web\/20000\/20403\/areas\/20403-A4.jpg'>GRABACI\u00d3N LASER 1: AREA 4.max: 3.5&#215;1.2 cm<\/a><\/td>\n<\/tr>\n<tr>\n<td><a href='https:\/\/imgresources.makito.es\/media\/img_web\/20000\/20403\/areas\/20403-A5.jpg'>GRABACI\u00d3N LASER 1: AREA 5.max: 3.5&#215;1.2 cm<\/a><\/td>\n<\/tr>\n<tr>\n<td><a href='https:\/\/imgresources.makito.es\/media\/img_web\/20000\/20403\/areas\/20403-A6.jpg'>GRABACI\u00d3N LASER 1: AREA 6.max: 3.5&#215;1.2 cm<\/a><\/td>\n<\/tr>\n<tr>\n<td><a href='https:\/\/imgresources.makito.es\/media\/img_web\/20000\/20403\/areas\/20403-A3.jpg'>TAMPOGRAF\u00cdA D: AREA 3.max: 3.5&#215;1.2 cm<\/a><\/td>\n<\/tr>\n<tr>\n<td><a href='https:\/\/imgresources.makito.es\/media\/img_web\/20000\/20403\/areas\/20403-A4.jpg'>TAMPOGRAF\u00cdA D: AREA 4.max: 3.5&#215;1.2 cm<\/a><\/td>\n<\/tr>\n<tr>\n<td><a href='https:\/\/imgresources.makito.es\/media\/img_web\/20000\/20403\/areas\/20403-A5.jpg'>TAMPOGRAF\u00cdA D: AREA 5.max: 3.5&#215;1.2 cm<\/a><\/td>\n<\/tr>\n<tr>\n<td><a href='https:\/\/imgresources.makito.es\/media\/img_web\/20000\/20403\/areas\/20403-A6.jpg'>TAMPOGRAF\u00cdA D: AREA 6.max: 3.5&#215;1.2 cm<\/a><\/td>\n<\/tr>\n<\/table>\n","protected":false},"excerpt":{"rendered":"<p>Entretenido juego de parchis fabricado en madera. Contiene un tablero, 16 fichas de 4 colores diferentes y un dado. Para participar entre 2 y 4 jugadores. Con pr\u00e1ctica bolsita de algod\u00f3n para guardar las fichas. Presentado individualmente en caja de dise\u00f1o kraft. 17 Piezas. Funda Algod\u00f3n<\/p>\n","protected":false},"featured_media":8288,"comment_status":"closed","ping_status":"open","template":"","meta":[],"product_brand":[],"product_cat":[60],"product_tag":[],"class_list":{"0":"post-8287","1":"product","2":"type-product","3":"status-publish","4":"has-post-thumbnail","6":"product_cat-infantil","8":"first","9":"instock","10":"product-type-simple"},"_links":{"self":[{"href":"https:\/\/kifinternacional.cl\/index.php\/wp-json\/wp\/v2\/product\/8287","targetHints":{"allow":["GET"]}}],"collection":[{"href":"https:\/\/kifinternacional.cl\/index.php\/wp-json\/wp\/v2\/product"}],"about":[{"href":"https:\/\/kifinternacional.cl\/index.php\/wp-json\/wp\/v2\/types\/product"}],"replies":[{"embeddable":true,"href":"https:\/\/kifinternacional.cl\/index.php\/wp-json\/wp\/v2\/comments?post=8287"}],"wp:featuredmedia":[{"embeddable":true,"href":"https:\/\/kifinternacional.cl\/index.php\/wp-json\/wp\/v2\/media\/8288"}],"wp:attachment":[{"href":"https:\/\/kifinternacional.cl\/index.php\/wp-json\/wp\/v2\/media?parent=8287"}],"wp:term":[{"taxonomy":"product_brand","embeddable":true,"href":"https:\/\/kifinternacional.cl\/index.php\/wp-json\/wp\/v2\/product_brand?post=8287"},{"taxonomy":"product_cat","embeddable":true,"href":"https:\/\/kifinternacional.cl\/index.php\/wp-json\/wp\/v2\/product_cat?post=8287"},{"taxonomy":"product_tag","embeddable":true,"href":"https:\/\/kifinternacional.cl\/index.php\/wp-json\/wp\/v2\/product_tag?post=8287"}],"curies":[{"name":"wp","href":"https:\/\/api.w.org\/{rel}","templated":true}]}}