{"id":596,"date":"2026-03-10T02:05:05","date_gmt":"2026-03-10T02:05:05","guid":{"rendered":"https:\/\/kifinternacional.cl\/index.php\/producto\/bloc-notas-klamax\/"},"modified":"2026-03-10T02:05:34","modified_gmt":"2026-03-10T02:05:34","slug":"bloc-notas-klamax","status":"publish","type":"product","link":"https:\/\/kifinternacional.cl\/index.php\/producto\/bloc-notas-klamax\/","title":{"rendered":"Bloc Notas Klamax"},"content":{"rendered":"<table cellspacing='0' cellpadding='0' style='border:none' width=500px>\n<tr>\n<th style='text-align:left; background-color:#696969; border: 1px solid #696969; color:#fff;' colspan='2'>CARACTER\u00cdSTICAS<\/th>\n<\/tr>\n<tr>\n<td style='text-align:left; border: 1px solid #696969;'>Composici\u00f3n<\/td>\n<td style='text-align:left; border: 1px solid #696969;'>Cart\u00f3n Reciclado<\/td>\n<\/tr>\n<tr>\n<td style='text-align:left; border: 1px solid #696969;'>Especificaciones art\u00edculo<\/td>\n<td style='text-align:left; border: 1px solid #696969;'>21 cm \/ 14.7 cm \/ 1.5 cm | 275 gr<\/td>\n<\/tr>\n<tr>\n<td style='text-align:left; border: 1px solid #696969;'>Packaging: alto (cm)<\/td>\n<td style='text-align:left; border: 1px solid #696969;'>32.5<\/td>\n<\/tr>\n<tr>\n<td style='text-align:left; border: 1px solid #696969;'>Packaging: largo (cm) <\/td>\n<td style='text-align:left; border: 1px solid #696969;'>36.5<\/td>\n<\/tr>\n<tr>\n<td style='text-align:left; border: 1px solid #696969;'>Packaging: ancho (cm) <\/td>\n<td style='text-align:left; border: 1px solid #696969;'>23.5<\/td>\n<\/tr>\n<tr>\n<td style='text-align:left; border: 1px solid #696969;'>Peso caja (Kgr)<\/td>\n<td style='text-align:left; border: 1px solid #696969;'>14.5<\/td>\n<\/tr>\n<tr>\n<td style='text-align:left; border: 1px solid #696969;'>Unidades\/caja<\/td>\n<td style='text-align:left; border: 1px solid #696969;'>50<\/td>\n<\/tr>\n<tr>\n<td style='text-align:left; border: 1px solid #696969;'>Cat\u00e1logo<\/td>\n<td style='text-align:left; border: 1px solid #696969;'>Stock internacional<\/td>\n<\/tr>\n<\/table>\n<p>&nbsp;<\/p>\n<table cellspacing='0' cellpadding='0' style='border:none' width=500px>\n<tr>\n<th style='text-align:center; background-color:#696969; border: 1px solid #696969; color:#fff;'>MARCAJE<\/th>\n<\/tr>\n<tr>\n<td><a href='https:\/\/imgresources.makito.es\/media\/img_web\/1000\/1134\/areas\/1134-A1.jpg'>SERIGRAF\u00cdA E: EN LA PORTADA.max: 8&#215;16 cm<\/a><\/td>\n<\/tr>\n<tr>\n<td><a href='https:\/\/imgresources.makito.es\/media\/img_web\/1000\/1134\/areas\/1134-A2.jpg'>SERIGRAF\u00cdA E: SOBRE TODA LA PORTADA.max: 10&#215;16 cm<\/a><\/td>\n<\/tr>\n<tr>\n<td><a href='https:\/\/imgresources.makito.es\/media\/img_web\/1000\/1134\/areas\/1134-A3.jpg'>SERIGRAF\u00cdA E: EN LA CONTRAPORTADA.max: 8&#215;16 cm<\/a><\/td>\n<\/tr>\n<tr>\n<td><a href='https:\/\/imgresources.makito.es\/media\/img_web\/1000\/1134\/areas\/1134-A4.jpg'>DIGITAL W1 (-5  CM2): EN LA PORTADA.max: 2.5&#215;2 cm<\/a><\/td>\n<\/tr>\n<tr>\n<td><a href='https:\/\/imgresources.makito.es\/media\/img_web\/1000\/1134\/areas\/1134-A5.jpg'>DIGITAL W2 (-10  CM2): EN LA PORTADA.max: 3&#215;3 cm<\/a><\/td>\n<\/tr>\n<tr>\n<td><a href='https:\/\/imgresources.makito.es\/media\/img_web\/1000\/1134\/areas\/1134-A6.jpg'>DIGITAL W3 (-25  CM2): EN LA PORTADA.max: 5&#215;5 cm<\/a><\/td>\n<\/tr>\n<tr>\n<td><a href='https:\/\/imgresources.makito.es\/media\/img_web\/1000\/1134\/areas\/1134-A7.jpg'>DIGITAL W4 (-50  CM2): EN LA PORTADA.max: 7&#215;7 cm<\/a><\/td>\n<\/tr>\n<tr>\n<td><a href='https:\/\/imgresources.makito.es\/media\/img_web\/1000\/1134\/areas\/1134-A8.jpg'>DIGITAL W5 (-100  CM2): EN LA PORTADA.max: 10&#215;10 cm<\/a><\/td>\n<\/tr>\n<tr>\n<td><a href='https:\/\/imgresources.makito.es\/media\/img_web\/1000\/1134\/areas\/1134-A9.jpg'>DIGITAL W6 (-150  CM2): EN LA PORTADA.max: 10&#215;15 cm<\/a><\/td>\n<\/tr>\n<tr>\n<td><a href='https:\/\/imgresources.makito.es\/media\/img_web\/1000\/1134\/areas\/1134-A10.jpg'>DIGITAL W7 (-200  CM2): EN LA PORTADA.max: 10&#215;20 cm<\/a><\/td>\n<\/tr>\n<tr>\n<td><a href='https:\/\/imgresources.makito.es\/media\/img_web\/1000\/1134\/areas\/1134-A11.jpg'>DIGITAL W8 (-250  CM2): EN LA PORTADA.max: 12&#215;20 cm<\/a><\/td>\n<\/tr>\n<tr>\n<td><a href='https:\/\/imgresources.makito.es\/media\/img_web\/1000\/1134\/areas\/1134-A12.jpg'>DIGITAL W9 (-300  CM2): SOBRE TODA LA PORTADA.max: 14&#215;21 cm<\/a><\/td>\n<\/tr>\n<\/table>\n","protected":false},"excerpt":{"rendered":"<p>Bloc de notas A5 de l\u00ednea nature, con tapas duras en resistente cart\u00f3n reciclado. De 100 hojas lisas en acabado kraft con distintivo reciclado, con el\u00e1stico de sujeci\u00f3n y marcap\u00e1ginas de tela a juego. Portada R\u00edgida. 100 Hojas<\/p>\n","protected":false},"featured_media":597,"comment_status":"closed","ping_status":"open","template":"","meta":[],"product_brand":[],"product_cat":[26,42],"product_tag":[],"class_list":{"0":"post-596","1":"product","2":"type-product","3":"status-publish","4":"has-post-thumbnail","6":"product_cat-linea-ecologica","7":"product_cat-oficina-y-negocios","9":"first","10":"instock","11":"product-type-simple"},"_links":{"self":[{"href":"https:\/\/kifinternacional.cl\/index.php\/wp-json\/wp\/v2\/product\/596","targetHints":{"allow":["GET"]}}],"collection":[{"href":"https:\/\/kifinternacional.cl\/index.php\/wp-json\/wp\/v2\/product"}],"about":[{"href":"https:\/\/kifinternacional.cl\/index.php\/wp-json\/wp\/v2\/types\/product"}],"replies":[{"embeddable":true,"href":"https:\/\/kifinternacional.cl\/index.php\/wp-json\/wp\/v2\/comments?post=596"}],"wp:featuredmedia":[{"embeddable":true,"href":"https:\/\/kifinternacional.cl\/index.php\/wp-json\/wp\/v2\/media\/597"}],"wp:attachment":[{"href":"https:\/\/kifinternacional.cl\/index.php\/wp-json\/wp\/v2\/media?parent=596"}],"wp:term":[{"taxonomy":"product_brand","embeddable":true,"href":"https:\/\/kifinternacional.cl\/index.php\/wp-json\/wp\/v2\/product_brand?post=596"},{"taxonomy":"product_cat","embeddable":true,"href":"https:\/\/kifinternacional.cl\/index.php\/wp-json\/wp\/v2\/product_cat?post=596"},{"taxonomy":"product_tag","embeddable":true,"href":"https:\/\/kifinternacional.cl\/index.php\/wp-json\/wp\/v2\/product_tag?post=596"}],"curies":[{"name":"wp","href":"https:\/\/api.w.org\/{rel}","templated":true}]}}