{"id":3410,"date":"2026-03-10T02:58:34","date_gmt":"2026-03-10T02:58:34","guid":{"rendered":"https:\/\/kifinternacional.cl\/index.php\/producto\/nivel-abridor-nudok\/"},"modified":"2026-03-10T02:58:34","modified_gmt":"2026-03-10T02:58:34","slug":"nivel-abridor-nudok","status":"publish","type":"product","link":"https:\/\/kifinternacional.cl\/index.php\/producto\/nivel-abridor-nudok\/","title":{"rendered":"Nivel Abridor Nudok"},"content":{"rendered":"<table cellspacing='0' cellpadding='0' style='border:none' width=500px>\n<tr>\n<th style='text-align:left; background-color:#696969; border: 1px solid #696969; color:#fff;' colspan='2'>CARACTER\u00cdSTICAS<\/th>\n<\/tr>\n<tr>\n<td style='text-align:left; border: 1px solid #696969;'>Composici\u00f3n<\/td>\n<td style='text-align:left; border: 1px solid #696969;'>Bamb\u00fa<\/td>\n<\/tr>\n<tr>\n<td style='text-align:left; border: 1px solid #696969;'>Especificaciones art\u00edculo<\/td>\n<td style='text-align:left; border: 1px solid #696969;'>4.8 cm \/ 15 cm \/ 2 cm | 100 gr<\/td>\n<\/tr>\n<tr>\n<td style='text-align:left; border: 1px solid #696969;'>Packaging: alto (cm)<\/td>\n<td style='text-align:left; border: 1px solid #696969;'>28<\/td>\n<\/tr>\n<tr>\n<td style='text-align:left; border: 1px solid #696969;'>Packaging: largo (cm) <\/td>\n<td style='text-align:left; border: 1px solid #696969;'>36.5<\/td>\n<\/tr>\n<tr>\n<td style='text-align:left; border: 1px solid #696969;'>Packaging: ancho (cm) <\/td>\n<td style='text-align:left; border: 1px solid #696969;'>24<\/td>\n<\/tr>\n<tr>\n<td style='text-align:left; border: 1px solid #696969;'>Peso caja (Kgr)<\/td>\n<td style='text-align:left; border: 1px solid #696969;'>11<\/td>\n<\/tr>\n<tr>\n<td style='text-align:left; border: 1px solid #696969;'>Unidades\/caja<\/td>\n<td style='text-align:left; border: 1px solid #696969;'>100<\/td>\n<\/tr>\n<tr>\n<td style='text-align:left; border: 1px solid #696969;'>Cat\u00e1logo<\/td>\n<td style='text-align:left; border: 1px solid #696969;'>Stock internacional<\/td>\n<\/tr>\n<\/table>\n<p>&nbsp;<\/p>\n<table cellspacing='0' cellpadding='0' style='border:none' width=500px>\n<tr>\n<th style='text-align:center; background-color:#696969; border: 1px solid #696969; color:#fff;'>MARCAJE<\/th>\n<\/tr>\n<tr>\n<td><a href='https:\/\/imgresources.makito.es\/media\/img_web\/1000\/1583\/areas\/1583-A1.jpg'>DIGITAL W1 (-5  CM2): CARA A.max: 2.5&#215;2 cm<\/a><\/td>\n<\/tr>\n<tr>\n<td><a href='https:\/\/imgresources.makito.es\/media\/img_web\/1000\/1583\/areas\/1583-A2.jpg'>DIGITAL W2 (-10  CM2): CARA A.max: 5&#215;2 cm<\/a><\/td>\n<\/tr>\n<tr>\n<td><a href='https:\/\/imgresources.makito.es\/media\/img_web\/1000\/1583\/areas\/1583-A3.jpg'>GRABACION LASER 2: CARA A.max: 10&#215;2 cm<\/a><\/td>\n<\/tr>\n<tr>\n<td><a href='https:\/\/imgresources.makito.es\/media\/img_web\/1000\/1583\/areas\/1583-A3.jpg'>TAMPOGRAF\u00cdA D: CARA A.max: 10&#215;2 cm<\/a><\/td>\n<\/tr>\n<tr>\n<td><a href='https:\/\/imgresources.makito.es\/media\/img_web\/1000\/1583\/areas\/1583-A3.jpg'>DIGITAL W3 (-25  CM2): CARA A.max: 10&#215;2 cm<\/a><\/td>\n<\/tr>\n<\/table>\n","protected":false},"excerpt":{"rendered":"<p>Nivel de l\u00ednea nature fabricado en bamb\u00fa, con abridor met\u00e1lico integrado. Presentaci\u00f3n en caja individual de dise\u00f1o kraft.<\/p>\n","protected":false},"featured_media":3411,"comment_status":"closed","ping_status":"open","template":"","meta":[],"product_brand":[],"product_cat":[37,38,52],"product_tag":[],"class_list":{"0":"post-3410","1":"product","2":"type-product","3":"status-publish","4":"has-post-thumbnail","6":"product_cat-dia-del-padre","7":"product_cat-fiestas-patrias","8":"product_cat-herramientas-y-brico","10":"first","11":"instock","12":"product-type-simple"},"_links":{"self":[{"href":"https:\/\/kifinternacional.cl\/index.php\/wp-json\/wp\/v2\/product\/3410","targetHints":{"allow":["GET"]}}],"collection":[{"href":"https:\/\/kifinternacional.cl\/index.php\/wp-json\/wp\/v2\/product"}],"about":[{"href":"https:\/\/kifinternacional.cl\/index.php\/wp-json\/wp\/v2\/types\/product"}],"replies":[{"embeddable":true,"href":"https:\/\/kifinternacional.cl\/index.php\/wp-json\/wp\/v2\/comments?post=3410"}],"wp:featuredmedia":[{"embeddable":true,"href":"https:\/\/kifinternacional.cl\/index.php\/wp-json\/wp\/v2\/media\/3411"}],"wp:attachment":[{"href":"https:\/\/kifinternacional.cl\/index.php\/wp-json\/wp\/v2\/media?parent=3410"}],"wp:term":[{"taxonomy":"product_brand","embeddable":true,"href":"https:\/\/kifinternacional.cl\/index.php\/wp-json\/wp\/v2\/product_brand?post=3410"},{"taxonomy":"product_cat","embeddable":true,"href":"https:\/\/kifinternacional.cl\/index.php\/wp-json\/wp\/v2\/product_cat?post=3410"},{"taxonomy":"product_tag","embeddable":true,"href":"https:\/\/kifinternacional.cl\/index.php\/wp-json\/wp\/v2\/product_tag?post=3410"}],"curies":[{"name":"wp","href":"https:\/\/api.w.org\/{rel}","templated":true}]}}