{"id":32175,"date":"2026-03-16T14:11:04","date_gmt":"2026-03-16T14:11:04","guid":{"rendered":"https:\/\/kifinternacional.cl\/index.php\/producto\/pendrive-ap1017\/"},"modified":"2026-03-16T14:11:04","modified_gmt":"2026-03-16T14:11:04","slug":"pendrive-ap1017","status":"publish","type":"product","link":"https:\/\/kifinternacional.cl\/index.php\/producto\/pendrive-ap1017\/","title":{"rendered":"Pendrive AP1017"},"content":{"rendered":"<p><span dir=\"auto\" style=\"vertical-align: inherit;\"><span dir=\"auto\" style=\"vertical-align: inherit;\"><\/span><\/span><\/p>\n","protected":false},"excerpt":{"rendered":"<p>Chips Toshiba, IBM, Samsung, Sandisk. Garantia de 1 a\u00f1o. Caja cart\u00f3n incluida en el precio. Actualizaci\u00f3n de precios todas las semanas.Valor incluye logo en una posici\u00f3n en l\u00e1ser o impresi\u00f3n m\u00e1ximo 2 colores.<\/p>\n","protected":false},"featured_media":32176,"comment_status":"closed","ping_status":"open","template":"","meta":[],"product_brand":[],"product_cat":[79],"product_tag":[],"class_list":{"0":"post-32175","1":"product","2":"type-product","3":"status-publish","4":"has-post-thumbnail","6":"product_cat-pendrives","8":"first","9":"instock","10":"product-type-simple"},"_links":{"self":[{"href":"https:\/\/kifinternacional.cl\/index.php\/wp-json\/wp\/v2\/product\/32175","targetHints":{"allow":["GET"]}}],"collection":[{"href":"https:\/\/kifinternacional.cl\/index.php\/wp-json\/wp\/v2\/product"}],"about":[{"href":"https:\/\/kifinternacional.cl\/index.php\/wp-json\/wp\/v2\/types\/product"}],"replies":[{"embeddable":true,"href":"https:\/\/kifinternacional.cl\/index.php\/wp-json\/wp\/v2\/comments?post=32175"}],"wp:featuredmedia":[{"embeddable":true,"href":"https:\/\/kifinternacional.cl\/index.php\/wp-json\/wp\/v2\/media\/32176"}],"wp:attachment":[{"href":"https:\/\/kifinternacional.cl\/index.php\/wp-json\/wp\/v2\/media?parent=32175"}],"wp:term":[{"taxonomy":"product_brand","embeddable":true,"href":"https:\/\/kifinternacional.cl\/index.php\/wp-json\/wp\/v2\/product_brand?post=32175"},{"taxonomy":"product_cat","embeddable":true,"href":"https:\/\/kifinternacional.cl\/index.php\/wp-json\/wp\/v2\/product_cat?post=32175"},{"taxonomy":"product_tag","embeddable":true,"href":"https:\/\/kifinternacional.cl\/index.php\/wp-json\/wp\/v2\/product_tag?post=32175"}],"curies":[{"name":"wp","href":"https:\/\/api.w.org\/{rel}","templated":true}]}}