{"id":31881,"date":"2026-03-16T14:02:57","date_gmt":"2026-03-16T14:02:57","guid":{"rendered":"https:\/\/kifinternacional.cl\/index.php\/producto\/caja-lapices-garten\/"},"modified":"2026-03-16T14:02:57","modified_gmt":"2026-03-16T14:02:57","slug":"caja-lapices-garten","status":"publish","type":"product","link":"https:\/\/kifinternacional.cl\/index.php\/producto\/caja-lapices-garten\/","title":{"rendered":"Caja L\u00e1pices Garten"},"content":{"rendered":"<p><span dir=\"auto\" style=\"vertical-align: inherit;\"><span dir=\"auto\" style=\"vertical-align: inherit;\"><\/span><\/span><\/p>\n","protected":false},"excerpt":{"rendered":"<p>Set de 6 l\u00e1pices en caja de cart\u00f3n con acabado brillante en vivos colores y ventana. L\u00e1pices de madera con cuerpo cil\u00edndrico en variados colores brillantes y minas en divertidos colores. 6 L\u00e1pices<\/p>\n","protected":false},"featured_media":31882,"comment_status":"closed","ping_status":"open","template":"","meta":[],"product_brand":[],"product_cat":[31,76,60],"product_tag":[],"class_list":{"0":"post-31881","1":"product","2":"type-product","3":"status-publish","4":"has-post-thumbnail","6":"product_cat-dia-del-nino","7":"product_cat-eco","8":"product_cat-infantil","10":"first","11":"instock","12":"product-type-simple"},"_links":{"self":[{"href":"https:\/\/kifinternacional.cl\/index.php\/wp-json\/wp\/v2\/product\/31881","targetHints":{"allow":["GET"]}}],"collection":[{"href":"https:\/\/kifinternacional.cl\/index.php\/wp-json\/wp\/v2\/product"}],"about":[{"href":"https:\/\/kifinternacional.cl\/index.php\/wp-json\/wp\/v2\/types\/product"}],"replies":[{"embeddable":true,"href":"https:\/\/kifinternacional.cl\/index.php\/wp-json\/wp\/v2\/comments?post=31881"}],"wp:featuredmedia":[{"embeddable":true,"href":"https:\/\/kifinternacional.cl\/index.php\/wp-json\/wp\/v2\/media\/31882"}],"wp:attachment":[{"href":"https:\/\/kifinternacional.cl\/index.php\/wp-json\/wp\/v2\/media?parent=31881"}],"wp:term":[{"taxonomy":"product_brand","embeddable":true,"href":"https:\/\/kifinternacional.cl\/index.php\/wp-json\/wp\/v2\/product_brand?post=31881"},{"taxonomy":"product_cat","embeddable":true,"href":"https:\/\/kifinternacional.cl\/index.php\/wp-json\/wp\/v2\/product_cat?post=31881"},{"taxonomy":"product_tag","embeddable":true,"href":"https:\/\/kifinternacional.cl\/index.php\/wp-json\/wp\/v2\/product_tag?post=31881"}],"curies":[{"name":"wp","href":"https:\/\/api.w.org\/{rel}","templated":true}]}}