{"id":31465,"date":"2026-03-16T13:50:55","date_gmt":"2026-03-16T13:50:55","guid":{"rendered":"https:\/\/kifinternacional.cl\/index.php\/producto\/caja-ceras-pichi\/"},"modified":"2026-03-16T13:50:55","modified_gmt":"2026-03-16T13:50:55","slug":"caja-ceras-pichi","status":"publish","type":"product","link":"https:\/\/kifinternacional.cl\/index.php\/producto\/caja-ceras-pichi\/","title":{"rendered":"Caja Ceras Pichi"},"content":{"rendered":"<p><span dir=\"auto\" style=\"vertical-align: inherit;\"><span dir=\"auto\" style=\"vertical-align: inherit;\"><\/span><\/span><\/p>\n","protected":false},"excerpt":{"rendered":"<p>Set de 6 ceras en caja de cart\u00f3n natural. Con cuerpo cil\u00edndrico en variados colores. En colores rojo, verde, amarillo, azul, marr\u00f3n, y naranja. 6 Ceras<\/p>\n","protected":false},"featured_media":31466,"comment_status":"closed","ping_status":"open","template":"","meta":[],"product_brand":[],"product_cat":[31,60,26],"product_tag":[],"class_list":{"0":"post-31465","1":"product","2":"type-product","3":"status-publish","4":"has-post-thumbnail","6":"product_cat-dia-del-nino","7":"product_cat-infantil","8":"product_cat-linea-ecologica","10":"first","11":"instock","12":"product-type-simple"},"_links":{"self":[{"href":"https:\/\/kifinternacional.cl\/index.php\/wp-json\/wp\/v2\/product\/31465","targetHints":{"allow":["GET"]}}],"collection":[{"href":"https:\/\/kifinternacional.cl\/index.php\/wp-json\/wp\/v2\/product"}],"about":[{"href":"https:\/\/kifinternacional.cl\/index.php\/wp-json\/wp\/v2\/types\/product"}],"replies":[{"embeddable":true,"href":"https:\/\/kifinternacional.cl\/index.php\/wp-json\/wp\/v2\/comments?post=31465"}],"wp:featuredmedia":[{"embeddable":true,"href":"https:\/\/kifinternacional.cl\/index.php\/wp-json\/wp\/v2\/media\/31466"}],"wp:attachment":[{"href":"https:\/\/kifinternacional.cl\/index.php\/wp-json\/wp\/v2\/media?parent=31465"}],"wp:term":[{"taxonomy":"product_brand","embeddable":true,"href":"https:\/\/kifinternacional.cl\/index.php\/wp-json\/wp\/v2\/product_brand?post=31465"},{"taxonomy":"product_cat","embeddable":true,"href":"https:\/\/kifinternacional.cl\/index.php\/wp-json\/wp\/v2\/product_cat?post=31465"},{"taxonomy":"product_tag","embeddable":true,"href":"https:\/\/kifinternacional.cl\/index.php\/wp-json\/wp\/v2\/product_tag?post=31465"}],"curies":[{"name":"wp","href":"https:\/\/api.w.org\/{rel}","templated":true}]}}