{"id":31273,"date":"2026-03-16T13:45:17","date_gmt":"2026-03-16T13:45:17","guid":{"rendered":"https:\/\/kifinternacional.cl\/index.php\/producto\/polo-adulto-troky\/"},"modified":"2026-03-16T13:45:17","modified_gmt":"2026-03-16T13:45:17","slug":"polo-adulto-troky","status":"publish","type":"product","link":"https:\/\/kifinternacional.cl\/index.php\/producto\/polo-adulto-troky\/","title":{"rendered":"Polo Adulto Troky"},"content":{"rendered":"<p><span dir=\"auto\" style=\"vertical-align: inherit;\"><span dir=\"auto\" style=\"vertical-align: inherit;\"><\/span><\/span><\/p>\n","protected":false},"excerpt":{"rendered":"<p>Polo t\u00e9cnico manga corta unisex. Confeccionado en tejido de poli\u00e9ster 100% reciclado y color con efecto melange. Su gramaje de 150g\/m2 hacen que sea una prenda ligera ideal para la pr\u00e1ctica de deporte y el d\u00eda a dia. Tacto muy suave y corte moderno. Tapeta de dos botones al tono. Tejido transpirable de f\u00e1cil lavado y r\u00e1pido secado. Doble costura en dobladillo y mangas para una mayor durabilidad y resistencia al uso intensivo. Etiqueta f\u00e1cilmente removible. Con etiqueta exterior RPET, indicativa de producto de origen reciclado. Disponible en tallas XS, S, M, L, XL y XXL. Transpirable<\/p>\n","protected":false},"featured_media":31274,"comment_status":"closed","ping_status":"open","template":"","meta":[],"product_brand":[],"product_cat":[54,59,36],"product_tag":[],"class_list":{"0":"post-31273","1":"product","2":"type-product","3":"status-publish","4":"has-post-thumbnail","6":"product_cat-eco-textil","7":"product_cat-textil-verano-e-invierno","8":"product_cat-verano-y-playa","10":"first","11":"instock","12":"product-type-simple"},"_links":{"self":[{"href":"https:\/\/kifinternacional.cl\/index.php\/wp-json\/wp\/v2\/product\/31273","targetHints":{"allow":["GET"]}}],"collection":[{"href":"https:\/\/kifinternacional.cl\/index.php\/wp-json\/wp\/v2\/product"}],"about":[{"href":"https:\/\/kifinternacional.cl\/index.php\/wp-json\/wp\/v2\/types\/product"}],"replies":[{"embeddable":true,"href":"https:\/\/kifinternacional.cl\/index.php\/wp-json\/wp\/v2\/comments?post=31273"}],"wp:featuredmedia":[{"embeddable":true,"href":"https:\/\/kifinternacional.cl\/index.php\/wp-json\/wp\/v2\/media\/31274"}],"wp:attachment":[{"href":"https:\/\/kifinternacional.cl\/index.php\/wp-json\/wp\/v2\/media?parent=31273"}],"wp:term":[{"taxonomy":"product_brand","embeddable":true,"href":"https:\/\/kifinternacional.cl\/index.php\/wp-json\/wp\/v2\/product_brand?post=31273"},{"taxonomy":"product_cat","embeddable":true,"href":"https:\/\/kifinternacional.cl\/index.php\/wp-json\/wp\/v2\/product_cat?post=31273"},{"taxonomy":"product_tag","embeddable":true,"href":"https:\/\/kifinternacional.cl\/index.php\/wp-json\/wp\/v2\/product_tag?post=31273"}],"curies":[{"name":"wp","href":"https:\/\/api.w.org\/{rel}","templated":true}]}}