{"id":28767,"date":"2026-03-16T12:31:29","date_gmt":"2026-03-16T12:31:29","guid":{"rendered":"https:\/\/kifinternacional.cl\/index.php\/producto\/gorra-keinfax\/"},"modified":"2026-03-16T12:31:29","modified_gmt":"2026-03-16T12:31:29","slug":"gorra-keinfax","status":"publish","type":"product","link":"https:\/\/kifinternacional.cl\/index.php\/producto\/gorra-keinfax\/","title":{"rendered":"Gorra Keinfax"},"content":{"rendered":"<p><span dir=\"auto\" style=\"vertical-align: inherit;\"><span dir=\"auto\" style=\"vertical-align: inherit;\"><\/span><\/span><\/p>\n","protected":false},"excerpt":{"rendered":"<p>Gorra de l\u00ednea nature. 5 paneles en material RPET de suave acabado, elaborado a partir de pl\u00e1stico reciclado, para as\u00ed fomentar la reutilizaci\u00f3n de residuos pl\u00e1sticos y ayudar a la sostenibilidad del planeta. Con cierre ajustable de velcro y orificios de ventilaci\u00f3n bordados, Disponible en variada gama de colores (color blanco especialmente fabricado para impresi\u00f3n en sublimaci\u00f3n). Distintivo RPET en etiqueta. 5 Paneles. Cierre Velcro<\/p>\n","protected":false},"featured_media":28768,"comment_status":"closed","ping_status":"open","template":"","meta":[],"product_brand":[],"product_cat":[76,26,33,39],"product_tag":[],"class_list":{"0":"post-28767","1":"product","2":"type-product","3":"status-publish","4":"has-post-thumbnail","6":"product_cat-eco","7":"product_cat-linea-ecologica","8":"product_cat-primavera","9":"product_cat-sombreros-y-gorras","11":"first","12":"instock","13":"product-type-simple"},"_links":{"self":[{"href":"https:\/\/kifinternacional.cl\/index.php\/wp-json\/wp\/v2\/product\/28767","targetHints":{"allow":["GET"]}}],"collection":[{"href":"https:\/\/kifinternacional.cl\/index.php\/wp-json\/wp\/v2\/product"}],"about":[{"href":"https:\/\/kifinternacional.cl\/index.php\/wp-json\/wp\/v2\/types\/product"}],"replies":[{"embeddable":true,"href":"https:\/\/kifinternacional.cl\/index.php\/wp-json\/wp\/v2\/comments?post=28767"}],"wp:featuredmedia":[{"embeddable":true,"href":"https:\/\/kifinternacional.cl\/index.php\/wp-json\/wp\/v2\/media\/28768"}],"wp:attachment":[{"href":"https:\/\/kifinternacional.cl\/index.php\/wp-json\/wp\/v2\/media?parent=28767"}],"wp:term":[{"taxonomy":"product_brand","embeddable":true,"href":"https:\/\/kifinternacional.cl\/index.php\/wp-json\/wp\/v2\/product_brand?post=28767"},{"taxonomy":"product_cat","embeddable":true,"href":"https:\/\/kifinternacional.cl\/index.php\/wp-json\/wp\/v2\/product_cat?post=28767"},{"taxonomy":"product_tag","embeddable":true,"href":"https:\/\/kifinternacional.cl\/index.php\/wp-json\/wp\/v2\/product_tag?post=28767"}],"curies":[{"name":"wp","href":"https:\/\/api.w.org\/{rel}","templated":true}]}}