{"id":28520,"date":"2026-03-16T12:24:49","date_gmt":"2026-03-16T12:24:49","guid":{"rendered":"https:\/\/kifinternacional.cl\/index.php\/producto\/taza-sublimacion-kantol\/"},"modified":"2026-03-16T12:24:49","modified_gmt":"2026-03-16T12:24:49","slug":"taza-sublimacion-kantol","status":"publish","type":"product","link":"https:\/\/kifinternacional.cl\/index.php\/producto\/taza-sublimacion-kantol\/","title":{"rendered":"Taza Sublimaci\u00f3n Kantol"},"content":{"rendered":"<p><span dir=\"auto\" style=\"vertical-align: inherit;\"><span dir=\"auto\" style=\"vertical-align: inherit;\"><\/span><\/span><\/p>\n","protected":false},"excerpt":{"rendered":"<p>Taza met\u00e1lica de dise\u00f1o retro con 380ml de capacidad. Especialmente dise\u00f1ada para marcaje en sublimaci\u00f3n, con elegante detalle en color negro y presentada en caja individual. Acabado irregular para resaltar el aspecto vintage de la taza. 380 ml<\/p>\n","protected":false},"featured_media":28521,"comment_status":"closed","ping_status":"open","template":"","meta":[],"product_brand":[],"product_cat":[43,53],"product_tag":[],"class_list":{"0":"post-28520","1":"product","2":"type-product","3":"status-publish","4":"has-post-thumbnail","6":"product_cat-tazas-jarras-y-termos","7":"product_cat-viaje","9":"first","10":"instock","11":"product-type-simple"},"_links":{"self":[{"href":"https:\/\/kifinternacional.cl\/index.php\/wp-json\/wp\/v2\/product\/28520","targetHints":{"allow":["GET"]}}],"collection":[{"href":"https:\/\/kifinternacional.cl\/index.php\/wp-json\/wp\/v2\/product"}],"about":[{"href":"https:\/\/kifinternacional.cl\/index.php\/wp-json\/wp\/v2\/types\/product"}],"replies":[{"embeddable":true,"href":"https:\/\/kifinternacional.cl\/index.php\/wp-json\/wp\/v2\/comments?post=28520"}],"wp:featuredmedia":[{"embeddable":true,"href":"https:\/\/kifinternacional.cl\/index.php\/wp-json\/wp\/v2\/media\/28521"}],"wp:attachment":[{"href":"https:\/\/kifinternacional.cl\/index.php\/wp-json\/wp\/v2\/media?parent=28520"}],"wp:term":[{"taxonomy":"product_brand","embeddable":true,"href":"https:\/\/kifinternacional.cl\/index.php\/wp-json\/wp\/v2\/product_brand?post=28520"},{"taxonomy":"product_cat","embeddable":true,"href":"https:\/\/kifinternacional.cl\/index.php\/wp-json\/wp\/v2\/product_cat?post=28520"},{"taxonomy":"product_tag","embeddable":true,"href":"https:\/\/kifinternacional.cl\/index.php\/wp-json\/wp\/v2\/product_tag?post=28520"}],"curies":[{"name":"wp","href":"https:\/\/api.w.org\/{rel}","templated":true}]}}