{"id":24442,"date":"2026-03-16T05:26:00","date_gmt":"2026-03-16T05:26:00","guid":{"rendered":"https:\/\/kifinternacional.cl\/index.php\/producto\/pompero-bujass\/"},"modified":"2026-03-16T05:26:00","modified_gmt":"2026-03-16T05:26:00","slug":"pompero-bujass","status":"publish","type":"product","link":"https:\/\/kifinternacional.cl\/index.php\/producto\/pompero-bujass\/","title":{"rendered":"Pompero Bujass"},"content":{"rendered":"<p><span dir=\"auto\" style=\"vertical-align: inherit;\"><span dir=\"auto\" style=\"vertical-align: inherit;\"><\/span><\/span><\/p>\n","protected":false},"excerpt":{"rendered":"<p>Divertido pompero en variada gama de vivos colores con juego de habilidad integrado en tapa. Para 2 tama\u00f1os de pompas. L\u00edquido no incluido. L\u00edquido No Incluido<\/p>\n","protected":false},"featured_media":24443,"comment_status":"closed","ping_status":"open","template":"","meta":[],"product_brand":[],"product_cat":[60],"product_tag":[],"class_list":{"0":"post-24442","1":"product","2":"type-product","3":"status-publish","4":"has-post-thumbnail","6":"product_cat-infantil","8":"first","9":"instock","10":"product-type-simple"},"_links":{"self":[{"href":"https:\/\/kifinternacional.cl\/index.php\/wp-json\/wp\/v2\/product\/24442","targetHints":{"allow":["GET"]}}],"collection":[{"href":"https:\/\/kifinternacional.cl\/index.php\/wp-json\/wp\/v2\/product"}],"about":[{"href":"https:\/\/kifinternacional.cl\/index.php\/wp-json\/wp\/v2\/types\/product"}],"replies":[{"embeddable":true,"href":"https:\/\/kifinternacional.cl\/index.php\/wp-json\/wp\/v2\/comments?post=24442"}],"wp:featuredmedia":[{"embeddable":true,"href":"https:\/\/kifinternacional.cl\/index.php\/wp-json\/wp\/v2\/media\/24443"}],"wp:attachment":[{"href":"https:\/\/kifinternacional.cl\/index.php\/wp-json\/wp\/v2\/media?parent=24442"}],"wp:term":[{"taxonomy":"product_brand","embeddable":true,"href":"https:\/\/kifinternacional.cl\/index.php\/wp-json\/wp\/v2\/product_brand?post=24442"},{"taxonomy":"product_cat","embeddable":true,"href":"https:\/\/kifinternacional.cl\/index.php\/wp-json\/wp\/v2\/product_cat?post=24442"},{"taxonomy":"product_tag","embeddable":true,"href":"https:\/\/kifinternacional.cl\/index.php\/wp-json\/wp\/v2\/product_tag?post=24442"}],"curies":[{"name":"wp","href":"https:\/\/api.w.org\/{rel}","templated":true}]}}