{"id":24396,"date":"2026-03-16T05:24:56","date_gmt":"2026-03-16T05:24:56","guid":{"rendered":"https:\/\/kifinternacional.cl\/index.php\/producto\/libreta-pilaf\/"},"modified":"2026-03-16T05:24:56","modified_gmt":"2026-03-16T05:24:56","slug":"libreta-pilaf","status":"publish","type":"product","link":"https:\/\/kifinternacional.cl\/index.php\/producto\/libreta-pilaf\/","title":{"rendered":"Libreta Pilaf"},"content":{"rendered":"<p><span dir=\"auto\" style=\"vertical-align: inherit;\"><span dir=\"auto\" style=\"vertical-align: inherit;\"><\/span><\/span><\/p>\n","protected":false},"excerpt":{"rendered":"<p>Libreta de anillas con tapas de suave tacto acabadas en resistente cart\u00f3n reciclado y bol\u00edgrafo en cart\u00f3n reciclado a juego. De atrevidos colores, 50 hojas con distribuci\u00f3n a una raya y con soporte para bol\u00edgrafo en contraportada. Portada R\u00edgida. 50 Hojas. Bol\u00edgrafo Cart\u00f3n Reciclado Incluido<\/p>\n","protected":false},"featured_media":24397,"comment_status":"closed","ping_status":"open","template":"","meta":[],"product_brand":[],"product_cat":[60,26,42,55],"product_tag":[],"class_list":{"0":"post-24396","1":"product","2":"type-product","3":"status-publish","4":"has-post-thumbnail","6":"product_cat-infantil","7":"product_cat-linea-ecologica","8":"product_cat-oficina-y-negocios","9":"product_cat-stock-chile","11":"first","12":"instock","13":"product-type-simple"},"_links":{"self":[{"href":"https:\/\/kifinternacional.cl\/index.php\/wp-json\/wp\/v2\/product\/24396","targetHints":{"allow":["GET"]}}],"collection":[{"href":"https:\/\/kifinternacional.cl\/index.php\/wp-json\/wp\/v2\/product"}],"about":[{"href":"https:\/\/kifinternacional.cl\/index.php\/wp-json\/wp\/v2\/types\/product"}],"replies":[{"embeddable":true,"href":"https:\/\/kifinternacional.cl\/index.php\/wp-json\/wp\/v2\/comments?post=24396"}],"wp:featuredmedia":[{"embeddable":true,"href":"https:\/\/kifinternacional.cl\/index.php\/wp-json\/wp\/v2\/media\/24397"}],"wp:attachment":[{"href":"https:\/\/kifinternacional.cl\/index.php\/wp-json\/wp\/v2\/media?parent=24396"}],"wp:term":[{"taxonomy":"product_brand","embeddable":true,"href":"https:\/\/kifinternacional.cl\/index.php\/wp-json\/wp\/v2\/product_brand?post=24396"},{"taxonomy":"product_cat","embeddable":true,"href":"https:\/\/kifinternacional.cl\/index.php\/wp-json\/wp\/v2\/product_cat?post=24396"},{"taxonomy":"product_tag","embeddable":true,"href":"https:\/\/kifinternacional.cl\/index.php\/wp-json\/wp\/v2\/product_tag?post=24396"}],"curies":[{"name":"wp","href":"https:\/\/api.w.org\/{rel}","templated":true}]}}