{"id":22341,"date":"2026-03-16T04:37:12","date_gmt":"2026-03-16T04:37:12","guid":{"rendered":"https:\/\/kifinternacional.cl\/index.php\/producto\/gorro-nino-timon\/"},"modified":"2026-03-16T04:37:12","modified_gmt":"2026-03-16T04:37:12","slug":"gorro-nino-timon","status":"publish","type":"product","link":"https:\/\/kifinternacional.cl\/index.php\/producto\/gorro-nino-timon\/","title":{"rendered":"Gorro Ni\u00f1o Timon"},"content":{"rendered":"<p><span dir=\"auto\" style=\"vertical-align: inherit;\"><span dir=\"auto\" style=\"vertical-align: inherit;\"><\/span><\/span><\/p>\n","protected":false},"excerpt":{"rendered":"<p>Gorro de ni\u00f1o en material 100% algod\u00f3n de vivos colores. Talla \u00fanica 54.<\/p>\n","protected":false},"featured_media":22342,"comment_status":"closed","ping_status":"open","template":"","meta":[],"product_brand":[],"product_cat":[60,39],"product_tag":[],"class_list":{"0":"post-22341","1":"product","2":"type-product","3":"status-publish","4":"has-post-thumbnail","6":"product_cat-infantil","7":"product_cat-sombreros-y-gorras","9":"first","10":"instock","11":"product-type-simple"},"_links":{"self":[{"href":"https:\/\/kifinternacional.cl\/index.php\/wp-json\/wp\/v2\/product\/22341","targetHints":{"allow":["GET"]}}],"collection":[{"href":"https:\/\/kifinternacional.cl\/index.php\/wp-json\/wp\/v2\/product"}],"about":[{"href":"https:\/\/kifinternacional.cl\/index.php\/wp-json\/wp\/v2\/types\/product"}],"replies":[{"embeddable":true,"href":"https:\/\/kifinternacional.cl\/index.php\/wp-json\/wp\/v2\/comments?post=22341"}],"wp:featuredmedia":[{"embeddable":true,"href":"https:\/\/kifinternacional.cl\/index.php\/wp-json\/wp\/v2\/media\/22342"}],"wp:attachment":[{"href":"https:\/\/kifinternacional.cl\/index.php\/wp-json\/wp\/v2\/media?parent=22341"}],"wp:term":[{"taxonomy":"product_brand","embeddable":true,"href":"https:\/\/kifinternacional.cl\/index.php\/wp-json\/wp\/v2\/product_brand?post=22341"},{"taxonomy":"product_cat","embeddable":true,"href":"https:\/\/kifinternacional.cl\/index.php\/wp-json\/wp\/v2\/product_cat?post=22341"},{"taxonomy":"product_tag","embeddable":true,"href":"https:\/\/kifinternacional.cl\/index.php\/wp-json\/wp\/v2\/product_tag?post=22341"}],"curies":[{"name":"wp","href":"https:\/\/api.w.org\/{rel}","templated":true}]}}