{"id":22242,"date":"2026-03-16T04:35:06","date_gmt":"2026-03-16T04:35:06","guid":{"rendered":"https:\/\/kifinternacional.cl\/index.php\/producto\/peto-eli\/"},"modified":"2026-03-16T04:35:06","modified_gmt":"2026-03-16T04:35:06","slug":"peto-eli","status":"publish","type":"product","link":"https:\/\/kifinternacional.cl\/index.php\/producto\/peto-eli\/","title":{"rendered":"Peto Eli"},"content":{"rendered":"<p><span dir=\"auto\" style=\"vertical-align: inherit;\"><span dir=\"auto\" style=\"vertical-align: inherit;\"><\/span><\/span><\/p>\n","protected":false},"excerpt":{"rendered":"<p>Peto infantil reflectante en variada gama de vivos colores. Con el\u00e1sticos de ajuste en los laterales. Talla \u00fanica. Talla \u00danica. Ni\u00f1o<\/p>\n","protected":false},"featured_media":22243,"comment_status":"closed","ping_status":"open","template":"","meta":[],"product_brand":[],"product_cat":[60],"product_tag":[],"class_list":{"0":"post-22242","1":"product","2":"type-product","3":"status-publish","4":"has-post-thumbnail","6":"product_cat-infantil","8":"first","9":"instock","10":"product-type-simple"},"_links":{"self":[{"href":"https:\/\/kifinternacional.cl\/index.php\/wp-json\/wp\/v2\/product\/22242","targetHints":{"allow":["GET"]}}],"collection":[{"href":"https:\/\/kifinternacional.cl\/index.php\/wp-json\/wp\/v2\/product"}],"about":[{"href":"https:\/\/kifinternacional.cl\/index.php\/wp-json\/wp\/v2\/types\/product"}],"replies":[{"embeddable":true,"href":"https:\/\/kifinternacional.cl\/index.php\/wp-json\/wp\/v2\/comments?post=22242"}],"wp:featuredmedia":[{"embeddable":true,"href":"https:\/\/kifinternacional.cl\/index.php\/wp-json\/wp\/v2\/media\/22243"}],"wp:attachment":[{"href":"https:\/\/kifinternacional.cl\/index.php\/wp-json\/wp\/v2\/media?parent=22242"}],"wp:term":[{"taxonomy":"product_brand","embeddable":true,"href":"https:\/\/kifinternacional.cl\/index.php\/wp-json\/wp\/v2\/product_brand?post=22242"},{"taxonomy":"product_cat","embeddable":true,"href":"https:\/\/kifinternacional.cl\/index.php\/wp-json\/wp\/v2\/product_cat?post=22242"},{"taxonomy":"product_tag","embeddable":true,"href":"https:\/\/kifinternacional.cl\/index.php\/wp-json\/wp\/v2\/product_tag?post=22242"}],"curies":[{"name":"wp","href":"https:\/\/api.w.org\/{rel}","templated":true}]}}