{"id":1891,"date":"2026-03-10T02:32:11","date_gmt":"2026-03-10T02:32:11","guid":{"rendered":"https:\/\/kifinternacional.cl\/index.php\/producto\/set-halderan\/"},"modified":"2026-03-10T02:32:31","modified_gmt":"2026-03-10T02:32:31","slug":"set-halderan","status":"publish","type":"product","link":"https:\/\/kifinternacional.cl\/index.php\/producto\/set-halderan\/","title":{"rendered":"Set Halderan"},"content":{"rendered":"<table cellspacing='0' cellpadding='0' style='border:none' width=500px>\n<tr>\n<th style='text-align:left; background-color:#696969; border: 1px solid #696969; color:#fff;' colspan='2'>CARACTER\u00cdSTICAS<\/th>\n<\/tr>\n<tr>\n<td style='text-align:left; border: 1px solid #696969;'>Especificaciones art\u00edculo<\/td>\n<td style='text-align:left; border: 1px solid #696969;'>8 cm \/ 32.5 cm \/ 27.6 cm | 1300 gr<\/td>\n<\/tr>\n<tr>\n<td style='text-align:left; border: 1px solid #696969;'>Packaging: alto (cm)<\/td>\n<td style='text-align:left; border: 1px solid #696969;'>29<\/td>\n<\/tr>\n<tr>\n<td style='text-align:left; border: 1px solid #696969;'>Packaging: largo (cm) <\/td>\n<td style='text-align:left; border: 1px solid #696969;'>34<\/td>\n<\/tr>\n<tr>\n<td style='text-align:left; border: 1px solid #696969;'>Packaging: ancho (cm) <\/td>\n<td style='text-align:left; border: 1px solid #696969;'>42<\/td>\n<\/tr>\n<tr>\n<td style='text-align:left; border: 1px solid #696969;'>Peso caja (Kgr)<\/td>\n<td style='text-align:left; border: 1px solid #696969;'>7<\/td>\n<\/tr>\n<tr>\n<td style='text-align:left; border: 1px solid #696969;'>Unidades\/caja<\/td>\n<td style='text-align:left; border: 1px solid #696969;'>5<\/td>\n<\/tr>\n<tr>\n<td style='text-align:left; border: 1px solid #696969;'>Cat\u00e1logo<\/td>\n<td style='text-align:left; border: 1px solid #696969;'>Stock internacional<\/td>\n<\/tr>\n<\/table>\n<p>&nbsp;<\/p>\n<table cellspacing='0' cellpadding='0' style='border:none' width=500px>\n<tr>\n<th style='text-align:center; background-color:#696969; border: 1px solid #696969; color:#fff;'>MARCAJE<\/th>\n<\/tr>\n<tr>\n<td><a href='https:\/\/imgresources.makito.es\/media\/img_web\/1000\/1341\/areas\/1341-A1.jpg'>SERIGRAF\u00cdA PARAGUAS F: CAJA PRESENTACI\u00d3N.max: 10&#215;5 cm<\/a><\/td>\n<\/tr>\n<tr>\n<td><a href='https:\/\/imgresources.makito.es\/media\/img_web\/1000\/1341\/areas\/1341-A2.jpg'>TAMPOGRAF\u00cdA F: EN LA PORTADA DE LA LIBRETA.max: 2&#215;4 cm<\/a><\/td>\n<\/tr>\n<tr>\n<td><a href='https:\/\/imgresources.makito.es\/media\/img_web\/1000\/1341\/areas\/1341-A2.jpg'>GRABACION LASER 2: EN LA PORTADA DE LA LIBRETA.max: 2&#215;4 cm<\/a><\/td>\n<\/tr>\n<tr>\n<td><a href='https:\/\/imgresources.makito.es\/media\/img_web\/1000\/1341\/areas\/1341-A6.jpg'>GRABACION LASER 2: BID\u00d3N LATERAL CENTRADO.max: 2&#215;10 cm<\/a><\/td>\n<\/tr>\n<tr>\n<td><a href='https:\/\/imgresources.makito.es\/media\/img_web\/1000\/1341\/areas\/1341-A3.jpg'>GRABACI\u00d3N LASER 1: BOLI 1 ZONA CLIP CARA A.max: 3&#215;0.5 cm<\/a><\/td>\n<\/tr>\n<tr>\n<td><a href='https:\/\/imgresources.makito.es\/media\/img_web\/1000\/1341\/areas\/1341-A5.jpg'>GRABACI\u00d3N LASER 1: EN LA TAPA.max: 5&#215;1.5 cm<\/a><\/td>\n<\/tr>\n<tr>\n<td><a href='https:\/\/imgresources.makito.es\/media\/img_web\/1000\/1341\/areas\/1341-A4.jpg'>TAMPOGRAF\u00cdA MAT ESP F: BOLI 1 CUERPO CARA A.max: 3&#215;0.5 cm<\/a><\/td>\n<\/tr>\n<tr>\n<td><a href='https:\/\/imgresources.makito.es\/media\/img_web\/1000\/1341\/areas\/1341-A7.jpg'>SERIGRAF\u00cdA F: EN LA PORTADA DE LA LIBRETA.max: 8&#215;16 cm<\/a><\/td>\n<\/tr>\n<tr>\n<td><a href='https:\/\/imgresources.makito.es\/media\/img_web\/1000\/1341\/areas\/1341-A7.jpg'>GRABACI\u00d3N TRANSFER SERIGR\u00c1FICO: EN LA PORTADA DE LA LIBRETA.max: 8&#215;16 cm<\/a><\/td>\n<\/tr>\n<\/table>\n","protected":false},"excerpt":{"rendered":"<p>Elegante set premium que incluye:  Termo de doble capa en acero inoxidable de acabado mate y de 640 ml de capacidad, con detalle de bamb\u00fa en el tap\u00f3n para marcaje.  Bloc de notas en suave polipiel, con soporte para smartphone integrado en la portada y detalle en bamb\u00fa para marcaje. Incluye cierre el\u00e1stico, marcap\u00e1ginas y soporte para bol\u00edgrafo a juego. Interior con 80 hojas de disposici\u00f3n a una raya.  Bol\u00edgrafo en aluminio de acabado mate con detalle en bamb\u00fa para marcaje, de mecanismo giratorio y tinta azul. Presentado en estuche individual de acabado mate y cierre magn\u00e9tico, con troquelado interior para cada uno de los elementos del set. Termo Acero Inox\/ Bamb\u00fa, 640 ml. Bloc Polipiel\/ Bamb\u00fa, Portada R\u00edgida, 80 Hojas. Bol\u00edgrafo Aluminio\/ Bamb\u00fa<\/p>\n","protected":false},"featured_media":1892,"comment_status":"closed","ping_status":"open","template":"","meta":[],"product_brand":[],"product_cat":[37,49,42,43],"product_tag":[],"class_list":{"0":"post-1891","1":"product","2":"type-product","3":"status-publish","4":"has-post-thumbnail","6":"product_cat-dia-del-padre","7":"product_cat-especial-sets","8":"product_cat-oficina-y-negocios","9":"product_cat-tazas-jarras-y-termos","11":"first","12":"instock","13":"product-type-simple"},"_links":{"self":[{"href":"https:\/\/kifinternacional.cl\/index.php\/wp-json\/wp\/v2\/product\/1891","targetHints":{"allow":["GET"]}}],"collection":[{"href":"https:\/\/kifinternacional.cl\/index.php\/wp-json\/wp\/v2\/product"}],"about":[{"href":"https:\/\/kifinternacional.cl\/index.php\/wp-json\/wp\/v2\/types\/product"}],"replies":[{"embeddable":true,"href":"https:\/\/kifinternacional.cl\/index.php\/wp-json\/wp\/v2\/comments?post=1891"}],"wp:featuredmedia":[{"embeddable":true,"href":"https:\/\/kifinternacional.cl\/index.php\/wp-json\/wp\/v2\/media\/1892"}],"wp:attachment":[{"href":"https:\/\/kifinternacional.cl\/index.php\/wp-json\/wp\/v2\/media?parent=1891"}],"wp:term":[{"taxonomy":"product_brand","embeddable":true,"href":"https:\/\/kifinternacional.cl\/index.php\/wp-json\/wp\/v2\/product_brand?post=1891"},{"taxonomy":"product_cat","embeddable":true,"href":"https:\/\/kifinternacional.cl\/index.php\/wp-json\/wp\/v2\/product_cat?post=1891"},{"taxonomy":"product_tag","embeddable":true,"href":"https:\/\/kifinternacional.cl\/index.php\/wp-json\/wp\/v2\/product_tag?post=1891"}],"curies":[{"name":"wp","href":"https:\/\/api.w.org\/{rel}","templated":true}]}}