{"id":1435,"date":"2026-03-10T02:19:22","date_gmt":"2026-03-10T02:19:22","guid":{"rendered":"https:\/\/kifinternacional.cl\/index.php\/producto\/lapiz-eterno-yeidy\/"},"modified":"2026-03-10T02:19:30","modified_gmt":"2026-03-10T02:19:30","slug":"lapiz-eterno-yeidy","status":"publish","type":"product","link":"https:\/\/kifinternacional.cl\/index.php\/producto\/lapiz-eterno-yeidy\/","title":{"rendered":"L\u00e1piz Eterno Yeidy"},"content":{"rendered":"<table cellspacing='0' cellpadding='0' style='border:none' width=500px>\n<tr>\n<th style='text-align:left; background-color:#696969; border: 1px solid #696969; color:#fff;' colspan='2'>CARACTER\u00cdSTICAS<\/th>\n<\/tr>\n<tr>\n<td style='text-align:left; border: 1px solid #696969;'>Composici\u00f3n<\/td>\n<td style='text-align:left; border: 1px solid #696969;'>Cart\u00f3n Reciclado\/ Ca\u00f1a de Trigo\/ ABS<\/td>\n<\/tr>\n<tr>\n<td style='text-align:left; border: 1px solid #696969;'>Especificaciones art\u00edculo<\/td>\n<td style='text-align:left; border: 1px solid #696969;'>13.9 cm \/ 0 cm \/ 0 cm | 3 gr<\/td>\n<\/tr>\n<tr>\n<td style='text-align:left; border: 1px solid #696969;'>Packaging: alto (cm)<\/td>\n<td style='text-align:left; border: 1px solid #696969;'>17.5<\/td>\n<\/tr>\n<tr>\n<td style='text-align:left; border: 1px solid #696969;'>Packaging: largo (cm) <\/td>\n<td style='text-align:left; border: 1px solid #696969;'>33.5<\/td>\n<\/tr>\n<tr>\n<td style='text-align:left; border: 1px solid #696969;'>Packaging: ancho (cm) <\/td>\n<td style='text-align:left; border: 1px solid #696969;'>43.5<\/td>\n<\/tr>\n<tr>\n<td style='text-align:left; border: 1px solid #696969;'>Peso caja (Kgr)<\/td>\n<td style='text-align:left; border: 1px solid #696969;'>6.5<\/td>\n<\/tr>\n<tr>\n<td style='text-align:left; border: 1px solid #696969;'>Unidades\/caja<\/td>\n<td style='text-align:left; border: 1px solid #696969;'>1000<\/td>\n<\/tr>\n<tr>\n<td style='text-align:left; border: 1px solid #696969;'>Cat\u00e1logo<\/td>\n<td style='text-align:left; border: 1px solid #696969;'>Stock internacional<\/td>\n<\/tr>\n<\/table>\n<p>&nbsp;<\/p>\n<table cellspacing='0' cellpadding='0' style='border:none' width=500px>\n<tr>\n<th style='text-align:center; background-color:#696969; border: 1px solid #696969; color:#fff;'>MARCAJE<\/th>\n<\/tr>\n<tr>\n<td><a href='https:\/\/imgresources.makito.es\/media\/img_web\/1000\/1288\/areas\/1288-A1.jpg'>TAMPOGRAF\u00cdA A: CA\u00d1A CARA A.max: 5&#215;0.5 cm<\/a><\/td>\n<\/tr>\n<tr>\n<td><a href='https:\/\/imgresources.makito.es\/media\/img_web\/1000\/1288\/areas\/1288-A2.jpg'>TAMPOGRAF\u00cdA A: CA\u00d1A CARA B.max: 5&#215;0.5 cm<\/a><\/td>\n<\/tr>\n<tr>\n<td><a href='https:\/\/imgresources.makito.es\/media\/img_web\/1000\/1288\/areas\/1288-A1.jpg'>DIGITAL W1 (-5  CM2): CA\u00d1A CARA A.max: 5&#215;0.5 cm<\/a><\/td>\n<\/tr>\n<tr>\n<td><a href='https:\/\/imgresources.makito.es\/media\/img_web\/1000\/1288\/areas\/1288-A2.jpg'>DIGITAL W1 (-5  CM2): CA\u00d1A CARA B.max: 5&#215;0.5 cm<\/a><\/td>\n<\/tr>\n<\/table>\n","protected":false},"excerpt":{"rendered":"<p>L\u00e1piz eterno de l\u00ednea nature con capucha. Fabricado en papel reciclado y con punta en ca\u00f1a de trigo, fomentando la utilizaci\u00f3n de materias primas naturales y reducir las emisiones contaminantes. Reutilizable y con escritura infinita, para as\u00ed usar siempre el mismo l\u00e1piz y no generar residuos.<\/p>\n","protected":false},"featured_media":1436,"comment_status":"closed","ping_status":"open","template":"","meta":[],"product_brand":[],"product_cat":[57,26],"product_tag":[],"class_list":{"0":"post-1435","1":"product","2":"type-product","3":"status-publish","4":"has-post-thumbnail","6":"product_cat-escritura","7":"product_cat-linea-ecologica","9":"first","10":"instock","11":"product-type-simple"},"_links":{"self":[{"href":"https:\/\/kifinternacional.cl\/index.php\/wp-json\/wp\/v2\/product\/1435","targetHints":{"allow":["GET"]}}],"collection":[{"href":"https:\/\/kifinternacional.cl\/index.php\/wp-json\/wp\/v2\/product"}],"about":[{"href":"https:\/\/kifinternacional.cl\/index.php\/wp-json\/wp\/v2\/types\/product"}],"replies":[{"embeddable":true,"href":"https:\/\/kifinternacional.cl\/index.php\/wp-json\/wp\/v2\/comments?post=1435"}],"wp:featuredmedia":[{"embeddable":true,"href":"https:\/\/kifinternacional.cl\/index.php\/wp-json\/wp\/v2\/media\/1436"}],"wp:attachment":[{"href":"https:\/\/kifinternacional.cl\/index.php\/wp-json\/wp\/v2\/media?parent=1435"}],"wp:term":[{"taxonomy":"product_brand","embeddable":true,"href":"https:\/\/kifinternacional.cl\/index.php\/wp-json\/wp\/v2\/product_brand?post=1435"},{"taxonomy":"product_cat","embeddable":true,"href":"https:\/\/kifinternacional.cl\/index.php\/wp-json\/wp\/v2\/product_cat?post=1435"},{"taxonomy":"product_tag","embeddable":true,"href":"https:\/\/kifinternacional.cl\/index.php\/wp-json\/wp\/v2\/product_tag?post=1435"}],"curies":[{"name":"wp","href":"https:\/\/api.w.org\/{rel}","templated":true}]}}