{"id":1407,"date":"2026-03-10T02:18:24","date_gmt":"2026-03-10T02:18:24","guid":{"rendered":"https:\/\/kifinternacional.cl\/index.php\/producto\/soporte-priot\/"},"modified":"2026-03-10T02:19:02","modified_gmt":"2026-03-10T02:19:02","slug":"soporte-priot","status":"publish","type":"product","link":"https:\/\/kifinternacional.cl\/index.php\/producto\/soporte-priot\/","title":{"rendered":"Soporte Priot"},"content":{"rendered":"<table cellspacing='0' cellpadding='0' style='border:none' width=500px>\n<tr>\n<th style='text-align:left; background-color:#696969; border: 1px solid #696969; color:#fff;' colspan='2'>CARACTER\u00cdSTICAS<\/th>\n<\/tr>\n<tr>\n<td style='text-align:left; border: 1px solid #696969;'>Composici\u00f3n<\/td>\n<td style='text-align:left; border: 1px solid #696969;'>Corcho<\/td>\n<\/tr>\n<tr>\n<td style='text-align:left; border: 1px solid #696969;'>Especificaciones art\u00edculo<\/td>\n<td style='text-align:left; border: 1px solid #696969;'>2.7 cm \/ 3.9 cm \/ 3.9 cm | 32 gr<\/td>\n<\/tr>\n<tr>\n<td style='text-align:left; border: 1px solid #696969;'>Packaging: alto (cm)<\/td>\n<td style='text-align:left; border: 1px solid #696969;'>23<\/td>\n<\/tr>\n<tr>\n<td style='text-align:left; border: 1px solid #696969;'>Packaging: largo (cm) <\/td>\n<td style='text-align:left; border: 1px solid #696969;'>36<\/td>\n<\/tr>\n<tr>\n<td style='text-align:left; border: 1px solid #696969;'>Packaging: ancho (cm) <\/td>\n<td style='text-align:left; border: 1px solid #696969;'>23<\/td>\n<\/tr>\n<tr>\n<td style='text-align:left; border: 1px solid #696969;'>Peso caja (Kgr)<\/td>\n<td style='text-align:left; border: 1px solid #696969;'>9<\/td>\n<\/tr>\n<tr>\n<td style='text-align:left; border: 1px solid #696969;'>Unidades\/caja<\/td>\n<td style='text-align:left; border: 1px solid #696969;'>200<\/td>\n<\/tr>\n<tr>\n<td style='text-align:left; border: 1px solid #696969;'>Cat\u00e1logo<\/td>\n<td style='text-align:left; border: 1px solid #696969;'>Stock internacional<\/td>\n<\/tr>\n<\/table>\n<p>&nbsp;<\/p>\n<table cellspacing='0' cellpadding='0' style='border:none' width=500px>\n<tr>\n<th style='text-align:center; background-color:#696969; border: 1px solid #696969; color:#fff;'>MARCAJE<\/th>\n<\/tr>\n<tr>\n<td><a href='https:\/\/imgresources.makito.es\/media\/img_web\/1000\/1283\/areas\/1283-A1.jpg'>GRABACI\u00d3N LASER 1: PARTE 1 ZONA SUPERIOR.max: 2&#215;2 cm<\/a><\/td>\n<\/tr>\n<tr>\n<td><a href='https:\/\/imgresources.makito.es\/media\/img_web\/1000\/1283\/areas\/1283-A2.jpg'>GRABACI\u00d3N LASER 1: PARTE 1 LATERAL 1.max: 2.2&#215;0.9 cm<\/a><\/td>\n<\/tr>\n<tr>\n<td><a href='https:\/\/imgresources.makito.es\/media\/img_web\/1000\/1283\/areas\/1283-A3.jpg'>GRABACI\u00d3N LASER 1: PARTE 1 LATERAL 2.max: 2.2&#215;0.9 cm<\/a><\/td>\n<\/tr>\n<tr>\n<td><a href='https:\/\/imgresources.makito.es\/media\/img_web\/1000\/1283\/areas\/1283-A4.jpg'>GRABACI\u00d3N LASER 1: PARTE 1 LATERAL 3.max: 2.2&#215;0.9 cm<\/a><\/td>\n<\/tr>\n<tr>\n<td><a href='https:\/\/imgresources.makito.es\/media\/img_web\/1000\/1283\/areas\/1283-A5.jpg'>GRABACI\u00d3N LASER 1: PARTE 1 LATERAL 4.max: 2.2&#215;0.9 cm<\/a><\/td>\n<\/tr>\n<tr>\n<td><a href='https:\/\/imgresources.makito.es\/media\/img_web\/1000\/1283\/areas\/1283-A6.jpg'>GRABACI\u00d3N LASER 1: PARTE 2 ZONA SUPERIOR.max: 2&#215;2 cm<\/a><\/td>\n<\/tr>\n<tr>\n<td><a href='https:\/\/imgresources.makito.es\/media\/img_web\/1000\/1283\/areas\/1283-A7.jpg'>GRABACI\u00d3N LASER 1: PARTE 2 LATERAL 1.max: 2.2&#215;0.9 cm<\/a><\/td>\n<\/tr>\n<tr>\n<td><a href='https:\/\/imgresources.makito.es\/media\/img_web\/1000\/1283\/areas\/1283-A8.jpg'>GRABACI\u00d3N LASER 1: PARTE 2 LATERAL 2.max: 2.2&#215;0.9 cm<\/a><\/td>\n<\/tr>\n<tr>\n<td><a href='https:\/\/imgresources.makito.es\/media\/img_web\/1000\/1283\/areas\/1283-A9.jpg'>GRABACI\u00d3N LASER 1: PARTE 2 LATERAL 3.max: 2.2&#215;0.9 cm<\/a><\/td>\n<\/tr>\n<tr>\n<td><a href='https:\/\/imgresources.makito.es\/media\/img_web\/1000\/1283\/areas\/1283-A10.jpg'>GRABACI\u00d3N LASER 1: PARTE 2 LATERAL 4.max: 2.2&#215;0.9 cm<\/a><\/td>\n<\/tr>\n<tr>\n<td><a href='https:\/\/imgresources.makito.es\/media\/img_web\/1000\/1283\/areas\/1283-A1.jpg'>TAMPOGRAF\u00cdA C: PARTE 1 ZONA SUPERIOR.max: 2&#215;2 cm<\/a><\/td>\n<\/tr>\n<tr>\n<td><a href='https:\/\/imgresources.makito.es\/media\/img_web\/1000\/1283\/areas\/1283-A2.jpg'>TAMPOGRAF\u00cdA C: PARTE 1 LATERAL 1.max: 2.2&#215;0.9 cm<\/a><\/td>\n<\/tr>\n<tr>\n<td><a href='https:\/\/imgresources.makito.es\/media\/img_web\/1000\/1283\/areas\/1283-A3.jpg'>TAMPOGRAF\u00cdA C: PARTE 1 LATERAL 2.max: 2.2&#215;0.9 cm<\/a><\/td>\n<\/tr>\n<tr>\n<td><a href='https:\/\/imgresources.makito.es\/media\/img_web\/1000\/1283\/areas\/1283-A4.jpg'>TAMPOGRAF\u00cdA C: PARTE 1 LATERAL 3.max: 2.2&#215;0.9 cm<\/a><\/td>\n<\/tr>\n<tr>\n<td><a href='https:\/\/imgresources.makito.es\/media\/img_web\/1000\/1283\/areas\/1283-A5.jpg'>TAMPOGRAF\u00cdA C: PARTE 1 LATERAL 4.max: 2.2&#215;0.9 cm<\/a><\/td>\n<\/tr>\n<tr>\n<td><a href='https:\/\/imgresources.makito.es\/media\/img_web\/1000\/1283\/areas\/1283-A6.jpg'>TAMPOGRAF\u00cdA C: PARTE 2 ZONA SUPERIOR.max: 2&#215;2 cm<\/a><\/td>\n<\/tr>\n<tr>\n<td><a href='https:\/\/imgresources.makito.es\/media\/img_web\/1000\/1283\/areas\/1283-A7.jpg'>TAMPOGRAF\u00cdA C: PARTE 2 LATERAL 1.max: 2.2&#215;0.9 cm<\/a><\/td>\n<\/tr>\n<tr>\n<td><a href='https:\/\/imgresources.makito.es\/media\/img_web\/1000\/1283\/areas\/1283-A8.jpg'>TAMPOGRAF\u00cdA C: PARTE 2 LATERAL 2.max: 2.2&#215;0.9 cm<\/a><\/td>\n<\/tr>\n<tr>\n<td><a href='https:\/\/imgresources.makito.es\/media\/img_web\/1000\/1283\/areas\/1283-A9.jpg'>TAMPOGRAF\u00cdA C: PARTE 2 LATERAL 3.max: 2.2&#215;0.9 cm<\/a><\/td>\n<\/tr>\n<tr>\n<td><a href='https:\/\/imgresources.makito.es\/media\/img_web\/1000\/1283\/areas\/1283-A10.jpg'>TAMPOGRAF\u00cdA C: PARTE 2 LATERAL 4.max: 2.2&#215;0.9 cm<\/a><\/td>\n<\/tr>\n<\/table>\n","protected":false},"excerpt":{"rendered":"<p>Compacto soporte de l\u00ednea nature para ordenador port\u00e1til. Fabricado en corcho, para as\u00ed fomentar la utilizaci\u00f3n de materias primas naturales y reducir las emisiones de contaminantes. Magn\u00e9tico y antideslizante, presentado en atractiva caja individual de dise\u00f1o eco. Magn\u00e9tico<\/p>\n","protected":false},"featured_media":1408,"comment_status":"closed","ping_status":"open","template":"","meta":[],"product_brand":[],"product_cat":[34,26,42,40],"product_tag":[],"class_list":{"0":"post-1407","1":"product","2":"type-product","3":"status-publish","4":"has-post-thumbnail","6":"product_cat-hogar-y-decoracion","7":"product_cat-linea-ecologica","8":"product_cat-oficina-y-negocios","9":"product_cat-outlet","11":"first","12":"instock","13":"product-type-simple"},"_links":{"self":[{"href":"https:\/\/kifinternacional.cl\/index.php\/wp-json\/wp\/v2\/product\/1407","targetHints":{"allow":["GET"]}}],"collection":[{"href":"https:\/\/kifinternacional.cl\/index.php\/wp-json\/wp\/v2\/product"}],"about":[{"href":"https:\/\/kifinternacional.cl\/index.php\/wp-json\/wp\/v2\/types\/product"}],"replies":[{"embeddable":true,"href":"https:\/\/kifinternacional.cl\/index.php\/wp-json\/wp\/v2\/comments?post=1407"}],"wp:featuredmedia":[{"embeddable":true,"href":"https:\/\/kifinternacional.cl\/index.php\/wp-json\/wp\/v2\/media\/1408"}],"wp:attachment":[{"href":"https:\/\/kifinternacional.cl\/index.php\/wp-json\/wp\/v2\/media?parent=1407"}],"wp:term":[{"taxonomy":"product_brand","embeddable":true,"href":"https:\/\/kifinternacional.cl\/index.php\/wp-json\/wp\/v2\/product_brand?post=1407"},{"taxonomy":"product_cat","embeddable":true,"href":"https:\/\/kifinternacional.cl\/index.php\/wp-json\/wp\/v2\/product_cat?post=1407"},{"taxonomy":"product_tag","embeddable":true,"href":"https:\/\/kifinternacional.cl\/index.php\/wp-json\/wp\/v2\/product_tag?post=1407"}],"curies":[{"name":"wp","href":"https:\/\/api.w.org\/{rel}","templated":true}]}}