{"id":1377,"date":"2026-03-10T02:18:24","date_gmt":"2026-03-10T02:18:24","guid":{"rendered":"https:\/\/kifinternacional.cl\/index.php\/producto\/set-williams\/"},"modified":"2026-03-10T02:18:34","modified_gmt":"2026-03-10T02:18:34","slug":"set-williams","status":"publish","type":"product","link":"https:\/\/kifinternacional.cl\/index.php\/producto\/set-williams\/","title":{"rendered":"Set Williams"},"content":{"rendered":"<table cellspacing='0' cellpadding='0' style='border:none' width=500px>\n<tr>\n<th style='text-align:left; background-color:#696969; border: 1px solid #696969; color:#fff;' colspan='2'>CARACTER\u00cdSTICAS<\/th>\n<\/tr>\n<tr>\n<td style='text-align:left; border: 1px solid #696969;'>Composici\u00f3n<\/td>\n<td style='text-align:left; border: 1px solid #696969;'>Metal<\/td>\n<\/tr>\n<tr>\n<td style='text-align:left; border: 1px solid #696969;'>Especificaciones art\u00edculo<\/td>\n<td style='text-align:left; border: 1px solid #696969;'>13.7 cm \/ 0 cm \/ 0 cm | 203 gr<\/td>\n<\/tr>\n<tr>\n<td style='text-align:left; border: 1px solid #696969;'>Packaging: alto (cm)<\/td>\n<td style='text-align:left; border: 1px solid #696969;'>35<\/td>\n<\/tr>\n<tr>\n<td style='text-align:left; border: 1px solid #696969;'>Packaging: largo (cm) <\/td>\n<td style='text-align:left; border: 1px solid #696969;'>38<\/td>\n<\/tr>\n<tr>\n<td style='text-align:left; border: 1px solid #696969;'>Packaging: ancho (cm) <\/td>\n<td style='text-align:left; border: 1px solid #696969;'>17<\/td>\n<\/tr>\n<tr>\n<td style='text-align:left; border: 1px solid #696969;'>Peso caja (Kgr)<\/td>\n<td style='text-align:left; border: 1px solid #696969;'>10<\/td>\n<\/tr>\n<tr>\n<td style='text-align:left; border: 1px solid #696969;'>Unidades\/caja<\/td>\n<td style='text-align:left; border: 1px solid #696969;'>40<\/td>\n<\/tr>\n<tr>\n<td style='text-align:left; border: 1px solid #696969;'>Cat\u00e1logo<\/td>\n<td style='text-align:left; border: 1px solid #696969;'>Stock internacional<\/td>\n<\/tr>\n<\/table>\n<p>&nbsp;<\/p>\n<table cellspacing='0' cellpadding='0' style='border:none' width=500px>\n<tr>\n<th style='text-align:center; background-color:#696969; border: 1px solid #696969; color:#fff;'>MARCAJE<\/th>\n<\/tr>\n<tr>\n<td><a href='https:\/\/imgresources.makito.es\/media\/img_web\/1000\/1277\/areas\/1277-A1.jpg'>GRABACI\u00d3N LASER 1: AREA 1.max: 3&#215;0.6 cm<\/a><\/td>\n<\/tr>\n<tr>\n<td><a href='https:\/\/imgresources.makito.es\/media\/img_web\/1000\/1277\/areas\/1277-A2.jpg'>GRABACI\u00d3N LASER 1: AREA 2.max: 3&#215;0.6 cm<\/a><\/td>\n<\/tr>\n<tr>\n<td><a href='https:\/\/imgresources.makito.es\/media\/img_web\/1000\/1277\/areas\/1277-A3.jpg'>GRABACI\u00d3N LASER 1: AREA 3.max: 3&#215;0.6 cm<\/a><\/td>\n<\/tr>\n<tr>\n<td><a href='https:\/\/imgresources.makito.es\/media\/img_web\/1000\/1277\/areas\/1277-A4.jpg'>GRABACI\u00d3N LASER 1: AREA 4.max: 3&#215;0.2 cm<\/a><\/td>\n<\/tr>\n<tr>\n<td><a href='https:\/\/imgresources.makito.es\/media\/img_web\/1000\/1277\/areas\/1277-A5.jpg'>GRABACI\u00d3N LASER 1: AREA 5.max: 3&#215;0.6 cm<\/a><\/td>\n<\/tr>\n<tr>\n<td><a href='https:\/\/imgresources.makito.es\/media\/img_web\/1000\/1277\/areas\/1277-A6.jpg'>GRABACI\u00d3N LASER 1: AREA 6.max: 3&#215;0.6 cm<\/a><\/td>\n<\/tr>\n<tr>\n<td><a href='https:\/\/imgresources.makito.es\/media\/img_web\/1000\/1277\/areas\/1277-A7.jpg'>GRABACI\u00d3N LASER 1: AREA 7.max: 3&#215;0.6 cm<\/a><\/td>\n<\/tr>\n<tr>\n<td><a href='https:\/\/imgresources.makito.es\/media\/img_web\/1000\/1277\/areas\/1277-A8.jpg'>GRABACI\u00d3N LASER 1: AREA 8.max: 3&#215;0.2 cm<\/a><\/td>\n<\/tr>\n<tr>\n<td><a href='https:\/\/imgresources.makito.es\/media\/img_web\/1000\/1277\/areas\/1277-A9.jpg'>TAMPOGRAF\u00cdA D: AREA 9.max: 3.5&#215;3.5 cm<\/a><\/td>\n<\/tr>\n<tr>\n<td><a href='https:\/\/imgresources.makito.es\/media\/img_web\/1000\/1277\/areas\/1277-A10.jpg'>TAMPOGRAF\u00cdA D: AREA 10.max: 3.5&#215;3.5 cm<\/a><\/td>\n<\/tr>\n<tr>\n<td><a href='https:\/\/imgresources.makito.es\/media\/img_web\/1000\/1277\/areas\/1277-A11.jpg'>TAMPOGRAF\u00cdA D: AREA 11.max: 5&#215;2 cm<\/a><\/td>\n<\/tr>\n<\/table>\n","protected":false},"excerpt":{"rendered":"<p>Set premium de bol\u00edgrafo y roller. Fabricado en elegante combinaci\u00f3n de metal en tonos negros y cromados. Bol\u00edgrafo de mecanismo giratorio en tinta azul y con cartucho jumbo. Roller con capucha y tinta gel en azul, carga jumbo. Presentado en estuche individual de polipiel con interior en contraste de antelina en blanco. Bol\u00edgrafo y Roller. Carga Jumbo<\/p>\n","protected":false},"featured_media":1378,"comment_status":"closed","ping_status":"open","template":"","meta":[],"product_brand":[],"product_cat":[37,45,57,49,44],"product_tag":[],"class_list":{"0":"post-1377","1":"product","2":"type-product","3":"status-publish","4":"has-post-thumbnail","6":"product_cat-dia-del-padre","7":"product_cat-dia-del-trabajador","8":"product_cat-escritura","9":"product_cat-especial-sets","10":"product_cat-novedades","12":"first","13":"instock","14":"product-type-simple"},"_links":{"self":[{"href":"https:\/\/kifinternacional.cl\/index.php\/wp-json\/wp\/v2\/product\/1377","targetHints":{"allow":["GET"]}}],"collection":[{"href":"https:\/\/kifinternacional.cl\/index.php\/wp-json\/wp\/v2\/product"}],"about":[{"href":"https:\/\/kifinternacional.cl\/index.php\/wp-json\/wp\/v2\/types\/product"}],"replies":[{"embeddable":true,"href":"https:\/\/kifinternacional.cl\/index.php\/wp-json\/wp\/v2\/comments?post=1377"}],"wp:featuredmedia":[{"embeddable":true,"href":"https:\/\/kifinternacional.cl\/index.php\/wp-json\/wp\/v2\/media\/1378"}],"wp:attachment":[{"href":"https:\/\/kifinternacional.cl\/index.php\/wp-json\/wp\/v2\/media?parent=1377"}],"wp:term":[{"taxonomy":"product_brand","embeddable":true,"href":"https:\/\/kifinternacional.cl\/index.php\/wp-json\/wp\/v2\/product_brand?post=1377"},{"taxonomy":"product_cat","embeddable":true,"href":"https:\/\/kifinternacional.cl\/index.php\/wp-json\/wp\/v2\/product_cat?post=1377"},{"taxonomy":"product_tag","embeddable":true,"href":"https:\/\/kifinternacional.cl\/index.php\/wp-json\/wp\/v2\/product_tag?post=1377"}],"curies":[{"name":"wp","href":"https:\/\/api.w.org\/{rel}","templated":true}]}}