{"id":10323,"date":"2026-03-10T05:11:30","date_gmt":"2026-03-10T05:11:30","guid":{"rendered":"https:\/\/kifinternacional.cl\/index.php\/producto\/set-dickinson\/"},"modified":"2026-03-10T05:11:30","modified_gmt":"2026-03-10T05:11:30","slug":"set-dickinson","status":"publish","type":"product","link":"https:\/\/kifinternacional.cl\/index.php\/producto\/set-dickinson\/","title":{"rendered":"Set Dickinson"},"content":{"rendered":"<table cellspacing='0' cellpadding='0' style='border:none' width=500px>\n<tr>\n<th style='text-align:left; background-color:#696969; border: 1px solid #696969; color:#fff;' colspan='2'>CARACTER\u00cdSTICAS<\/th>\n<\/tr>\n<tr>\n<td style='text-align:left; border: 1px solid #696969;'>Composici\u00f3n<\/td>\n<td style='text-align:left; border: 1px solid #696969;'>Acero Inox\/ Bamb\u00fa<\/td>\n<\/tr>\n<tr>\n<td style='text-align:left; border: 1px solid #696969;'>Especificaciones art\u00edculo<\/td>\n<td style='text-align:left; border: 1px solid #696969;'>9.5 cm \/ 25.8 cm \/ 21.4 cm | 1050 gr<\/td>\n<\/tr>\n<tr>\n<td style='text-align:left; border: 1px solid #696969;'>Packaging: alto (cm)<\/td>\n<td style='text-align:left; border: 1px solid #696969;'>52<\/td>\n<\/tr>\n<tr>\n<td style='text-align:left; border: 1px solid #696969;'>Packaging: largo (cm) <\/td>\n<td style='text-align:left; border: 1px solid #696969;'>68<\/td>\n<\/tr>\n<tr>\n<td style='text-align:left; border: 1px solid #696969;'>Packaging: ancho (cm) <\/td>\n<td style='text-align:left; border: 1px solid #696969;'>30<\/td>\n<\/tr>\n<tr>\n<td style='text-align:left; border: 1px solid #696969;'>Peso caja (Kgr)<\/td>\n<td style='text-align:left; border: 1px solid #696969;'>12.5<\/td>\n<\/tr>\n<tr>\n<td style='text-align:left; border: 1px solid #696969;'>Unidades\/caja<\/td>\n<td style='text-align:left; border: 1px solid #696969;'>15<\/td>\n<\/tr>\n<tr>\n<td style='text-align:left; border: 1px solid #696969;'>Cat\u00e1logo<\/td>\n<td style='text-align:left; border: 1px solid #696969;'>Stock internacional<\/td>\n<\/tr>\n<\/table>\n<p>&nbsp;<\/p>\n<table cellspacing='0' cellpadding='0' style='border:none' width=500px>\n<tr>\n<th style='text-align:center; background-color:#696969; border: 1px solid #696969; color:#fff;'>MARCAJE<\/th>\n<\/tr>\n<tr>\n<td><a href='https:\/\/imgresources.makito.es\/media\/img_web\/20000\/20732\/areas\/20732-A1.jpg'>SERIGRAFIA CIRCULAR G: AREA 1.max: 16&#215;12 cm<\/a><\/td>\n<\/tr>\n<tr>\n<td><a href='https:\/\/imgresources.makito.es\/media\/img_web\/20000\/20732\/areas\/20732-A8.jpg'>SERIGRAFIA CIRCULAR G: AREA 8.max: 20&#215;10 cm<\/a><\/td>\n<\/tr>\n<tr>\n<td><a href='https:\/\/imgresources.makito.es\/media\/img_web\/20000\/20732\/areas\/20732-A9.jpg'>SERIGRAFIA CIRCULAR G: AREA 9.max: 20&#215;4 cm<\/a><\/td>\n<\/tr>\n<tr>\n<td><a href='https:\/\/imgresources.makito.es\/media\/img_web\/20000\/20732\/areas\/20732-A10.jpg'>SERIGRAFIA CIRCULAR G: AREA 10.max: 20&#215;4 cm<\/a><\/td>\n<\/tr>\n<tr>\n<td><a href='https:\/\/imgresources.makito.es\/media\/img_web\/20000\/20732\/areas\/20732-A2.jpg'>GRABACION LASER 2: AREA 2.max: 4&#215;4 cm<\/a><\/td>\n<\/tr>\n<tr>\n<td><a href='https:\/\/imgresources.makito.es\/media\/img_web\/20000\/20732\/areas\/20732-A3.jpg'>GRABACION LASER 2: AREA 3.max: 6&#215;6 cm<\/a><\/td>\n<\/tr>\n<tr>\n<td><a href='https:\/\/imgresources.makito.es\/media\/img_web\/20000\/20732\/areas\/20732-A4.jpg'>GRABACION LASER 2: AREA 4.max: 6&#215;6 cm<\/a><\/td>\n<\/tr>\n<tr>\n<td><a href='https:\/\/imgresources.makito.es\/media\/img_web\/20000\/20732\/areas\/20732-A5.jpg'>GRABACION LASER 2: AREA 5.max: 2&#215;4 cm<\/a><\/td>\n<\/tr>\n<tr>\n<td><a href='https:\/\/imgresources.makito.es\/media\/img_web\/20000\/20732\/areas\/20732-A6.jpg'>GRABACION LASER 2: AREA 6.max: 2&#215;4 cm<\/a><\/td>\n<\/tr>\n<tr>\n<td><a href='https:\/\/imgresources.makito.es\/media\/img_web\/20000\/20732\/areas\/20732-A7.jpg'>GRABACION LASER 2: AREA 7.max: 2&#215;10 cm<\/a><\/td>\n<\/tr>\n<tr>\n<td><a href='https:\/\/imgresources.makito.es\/media\/img_web\/20000\/20732\/areas\/20732-A8.jpg'>GRABACION LASER 3: AREA 8.max: 20&#215;10 cm<\/a><\/td>\n<\/tr>\n<\/table>\n","protected":false},"excerpt":{"rendered":"<p>Pr\u00e1ctico set de bid\u00f3n y vasos t\u00e9rmicos en acero inox. Incluye bid\u00f3n t\u00e9rmico de 500 ml de capacidad fabricado en acero inox con detalle superior de bamb\u00fa y asa. Adem\u00e1s, contiene 2 vasos de 300 ml de capacidad cada uno fabricados acero inox y tapaderas fabricadas bamb\u00fa con cierre de presi\u00f3n. Presentado en una caja troquelada de dise\u00f1o kraft. Bidon T\u00e9rmico 500 ml. 2 Vasos T\u00e9rmicos 300 ml<\/p>\n","protected":false},"featured_media":10324,"comment_status":"closed","ping_status":"open","template":"","meta":[],"product_brand":[],"product_cat":[34],"product_tag":[],"class_list":{"0":"post-10323","1":"product","2":"type-product","3":"status-publish","4":"has-post-thumbnail","6":"product_cat-hogar-y-decoracion","8":"first","9":"instock","10":"product-type-simple"},"_links":{"self":[{"href":"https:\/\/kifinternacional.cl\/index.php\/wp-json\/wp\/v2\/product\/10323","targetHints":{"allow":["GET"]}}],"collection":[{"href":"https:\/\/kifinternacional.cl\/index.php\/wp-json\/wp\/v2\/product"}],"about":[{"href":"https:\/\/kifinternacional.cl\/index.php\/wp-json\/wp\/v2\/types\/product"}],"replies":[{"embeddable":true,"href":"https:\/\/kifinternacional.cl\/index.php\/wp-json\/wp\/v2\/comments?post=10323"}],"wp:featuredmedia":[{"embeddable":true,"href":"https:\/\/kifinternacional.cl\/index.php\/wp-json\/wp\/v2\/media\/10324"}],"wp:attachment":[{"href":"https:\/\/kifinternacional.cl\/index.php\/wp-json\/wp\/v2\/media?parent=10323"}],"wp:term":[{"taxonomy":"product_brand","embeddable":true,"href":"https:\/\/kifinternacional.cl\/index.php\/wp-json\/wp\/v2\/product_brand?post=10323"},{"taxonomy":"product_cat","embeddable":true,"href":"https:\/\/kifinternacional.cl\/index.php\/wp-json\/wp\/v2\/product_cat?post=10323"},{"taxonomy":"product_tag","embeddable":true,"href":"https:\/\/kifinternacional.cl\/index.php\/wp-json\/wp\/v2\/product_tag?post=10323"}],"curies":[{"name":"wp","href":"https:\/\/api.w.org\/{rel}","templated":true}]}}